{"id":14090,"date":"2026-05-12T13:25:39","date_gmt":"2026-05-12T11:25:39","guid":{"rendered":"https:\/\/www.lavedetterestaurant.com\/?page_id=14090"},"modified":"2026-05-12T14:21:42","modified_gmt":"2026-05-12T12:21:42","slug":"carta-sabadell","status":"publish","type":"page","link":"https:\/\/www.lavedetterestaurant.com\/fr\/carta-sabadell\/","title":{"rendered":"Carta Sabadell"},"content":{"rendered":"<div data-elementor-type=\"wp-page\" data-elementor-id=\"14090\" class=\"elementor elementor-14090\" data-elementor-post-type=\"page\">\n\t\t\t\t\t\t<section class=\"elementor-section elementor-top-section elementor-element elementor-element-65e00a3 elementor-section-boxed elementor-section-height-default elementor-section-height-default\" data-id=\"65e00a3\" data-element_type=\"section\" data-e-type=\"section\" data-settings=\"{&quot;background_background&quot;:&quot;classic&quot;}\">\n\t\t\t\t\t\t<div class=\"elementor-container elementor-column-gap-default\">\n\t\t\t\t\t<div class=\"elementor-column elementor-col-100 elementor-top-column elementor-element elementor-element-d7700c7\" data-id=\"d7700c7\" data-element_type=\"column\" data-e-type=\"column\">\n\t\t\t<div class=\"elementor-widget-wrap elementor-element-populated\">\n\t\t\t\t\t\t<div class=\"elementor-element elementor-element-910b514 elementor-widget elementor-widget-spacer\" data-id=\"910b514\" data-element_type=\"widget\" data-e-type=\"widget\" data-widget_type=\"spacer.default\">\n\t\t\t\t<div class=\"elementor-widget-container\">\n\t\t\t\t\t\t\t<div class=\"elementor-spacer\">\n\t\t\t<div class=\"elementor-spacer-inner\"><\/div>\n\t\t<\/div>\n\t\t\t\t\t\t<\/div>\n\t\t\t\t<\/div>\n\t\t\t\t<div class=\"elementor-element elementor-element-761fda7 elementor-invisible elementor-widget elementor-widget-heading\" data-id=\"761fda7\" data-element_type=\"widget\" data-e-type=\"widget\" data-settings=\"{&quot;_animation&quot;:&quot;zoomIn&quot;}\" data-widget_type=\"heading.default\">\n\t\t\t\t<div class=\"elementor-widget-container\">\n\t\t\t\t\t<h1 class=\"elementor-heading-title elementor-size-default\">CARTE<\/h1>\t\t\t\t<\/div>\n\t\t\t\t<\/div>\n\t\t\t\t<div class=\"elementor-element elementor-element-52dafbc elementor-widget elementor-widget-heading\" data-id=\"52dafbc\" data-element_type=\"widget\" data-e-type=\"widget\" data-widget_type=\"heading.default\">\n\t\t\t\t<div class=\"elementor-widget-container\">\n\t\t\t\t\t<h2 class=\"elementor-heading-title elementor-size-default\">Sabadell<\/h2>\t\t\t\t<\/div>\n\t\t\t\t<\/div>\n\t\t\t\t<div class=\"elementor-element elementor-element-18670e4 elementor-widget elementor-widget-spacer\" data-id=\"18670e4\" data-element_type=\"widget\" data-e-type=\"widget\" data-widget_type=\"spacer.default\">\n\t\t\t\t<div class=\"elementor-widget-container\">\n\t\t\t\t\t\t\t<div class=\"elementor-spacer\">\n\t\t\t<div class=\"elementor-spacer-inner\"><\/div>\n\t\t<\/div>\n\t\t\t\t\t\t<\/div>\n\t\t\t\t<\/div>\n\t\t\t\t\t<\/div>\n\t\t<\/div>\n\t\t\t\t\t<\/div>\n\t\t<\/section>\n\t\t\t\t<section class=\"elementor-section elementor-top-section elementor-element elementor-element-3a1a75e elementor-section-boxed elementor-section-height-default elementor-section-height-default\" data-id=\"3a1a75e\" data-element_type=\"section\" data-e-type=\"section\">\n\t\t\t\t\t\t<div class=\"elementor-container elementor-column-gap-default\">\n\t\t\t\t\t<div class=\"elementor-column elementor-col-50 elementor-top-column elementor-element elementor-element-0afec42\" data-id=\"0afec42\" data-element_type=\"column\" data-e-type=\"column\">\n\t\t\t<div class=\"elementor-widget-wrap elementor-element-populated\">\n\t\t\t\t\t\t<div class=\"elementor-element elementor-element-c0d5f77 elementor-invisible elementor-widget elementor-widget-text-editor\" data-id=\"c0d5f77\" data-element_type=\"widget\" data-e-type=\"widget\" data-settings=\"{&quot;_animation&quot;:&quot;fadeInDown&quot;}\" data-widget_type=\"text-editor.default\">\n\t\t\t\t<div class=\"elementor-widget-container\">\n\t\t\t\t\t\t\t\t\t<p>NOS PLATS<\/p>\t\t\t\t\t\t\t\t<\/div>\n\t\t\t\t<\/div>\n\t\t\t\t<div class=\"elementor-element elementor-element-a62dbed elementor-invisible elementor-widget elementor-widget-text-editor\" data-id=\"a62dbed\" data-element_type=\"widget\" data-e-type=\"widget\" data-settings=\"{&quot;_animation&quot;:&quot;fadeInUp&quot;,&quot;_animation_delay&quot;:400}\" data-widget_type=\"text-editor.default\">\n\t\t\t\t<div class=\"elementor-widget-container\">\n\t\t\t\t\t\t\t\t\t<p>CARTE<\/p>\t\t\t\t\t\t\t\t<\/div>\n\t\t\t\t<\/div>\n\t\t\t\t<div class=\"elementor-element elementor-element-1b29ff4 elementor-widget__width-initial elementor-invisible elementor-widget elementor-widget-text-editor\" data-id=\"1b29ff4\" data-element_type=\"widget\" data-e-type=\"widget\" data-settings=\"{&quot;_animation&quot;:&quot;fadeIn&quot;,&quot;_animation_delay&quot;:900}\" data-widget_type=\"text-editor.default\">\n\t\t\t\t<div class=\"elementor-widget-container\">\n\t\t\t\t\t\t\t\t\t<p class=\"p1\">La nostra carta ofereix una <span class=\"s1\"><b>cuina d\u2019inspiraci\u00f3 internacional<\/b><\/span>, constru\u00efda a partir d\u2019idees, sabors i receptes descobertes en diferents indrets del m\u00f3n i reinterpretades amb l\u2019estil propi de <span class=\"s1\"><b>La Vedette Sabadell<\/b><\/span>. Treballem amb ingredients singulars, molts d\u2019ells seleccionats per la seva autenticitat i qualitat, i elaborem a casa la gran majoria dels nostres plats. El resultat \u00e9s una proposta gastron\u00f2mica cuidada, equilibrada i plena de matisos, pensada per gaudir-la amb calma.<\/p>\t\t\t\t\t\t\t\t<\/div>\n\t\t\t\t<\/div>\n\t\t<div class=\"elementor-element elementor-element-00f0be9 e-flex e-con-boxed e-con e-parent\" data-id=\"00f0be9\" data-element_type=\"container\" data-e-type=\"container\">\n\t\t\t\t\t<div class=\"e-con-inner\">\n\t\t\t\t<div class=\"elementor-element elementor-element-4cd3742 elementor-invisible elementor-widget elementor-widget-button\" data-id=\"4cd3742\" data-element_type=\"widget\" data-e-type=\"widget\" data-settings=\"{&quot;_animation&quot;:&quot;zoomIn&quot;,&quot;_animation_delay&quot;:1100}\" data-widget_type=\"button.default\">\n\t\t\t\t<div class=\"elementor-widget-container\">\n\t\t\t\t\t\t\t\t\t<div class=\"elementor-button-wrapper\">\n\t\t\t\t\t<a class=\"elementor-button elementor-button-link elementor-size-sm elementor-animation-shrink\" href=\"https:\/\/www.lavedetterestaurant.com\/wp-content\/uploads\/2026\/05\/Cartes-La-Vedette-Sabadell-CA_ES_.pdf\" target=\"_blank\">\n\t\t\t\t\t\t<span class=\"elementor-button-content-wrapper\">\n\t\t\t\t\t\t\t\t\t<span class=\"elementor-button-text\">carta sabadell<\/span>\n\t\t\t\t\t<\/span>\n\t\t\t\t\t<\/a>\n\t\t\t\t<\/div>\n\t\t\t\t\t\t\t\t<\/div>\n\t\t\t\t<\/div>\n\t\t\t\t<div class=\"elementor-element elementor-element-7f1de95 elementor-invisible elementor-widget elementor-widget-button\" data-id=\"7f1de95\" data-element_type=\"widget\" data-e-type=\"widget\" data-settings=\"{&quot;_animation&quot;:&quot;zoomIn&quot;,&quot;_animation_delay&quot;:1100}\" data-widget_type=\"button.default\">\n\t\t\t\t<div class=\"elementor-widget-container\">\n\t\t\t\t\t\t\t\t\t<div class=\"elementor-button-wrapper\">\n\t\t\t\t\t<a class=\"elementor-button elementor-button-link elementor-size-sm elementor-animation-shrink\" href=\"https:\/\/www.lavedetterestaurant.com\/fr\/reserves-sabadell\/\" target=\"_blank\">\n\t\t\t\t\t\t<span class=\"elementor-button-content-wrapper\">\n\t\t\t\t\t\t\t\t\t<span class=\"elementor-button-text\">r\u00e9server<\/span>\n\t\t\t\t\t<\/span>\n\t\t\t\t\t<\/a>\n\t\t\t\t<\/div>\n\t\t\t\t\t\t\t\t<\/div>\n\t\t\t\t<\/div>\n\t\t\t\t\t<\/div>\n\t\t\t\t<\/div>\n\t\t\t\t<div class=\"elementor-element elementor-element-1dd3460 elementor-invisible elementor-widget elementor-widget-image\" data-id=\"1dd3460\" data-element_type=\"widget\" data-e-type=\"widget\" data-settings=\"{&quot;_animation&quot;:&quot;fadeIn&quot;}\" data-widget_type=\"image.default\">\n\t\t\t\t<div class=\"elementor-widget-container\">\n\t\t\t\t\t\t\t\t\t\t\t\t\t\t\t<img decoding=\"async\" width=\"1\" height=\"1\" src=\"https:\/\/www.lavedetterestaurant.com\/wp-content\/uploads\/2022\/01\/grafics-04.svg\" class=\"attachment-large size-large wp-image-19\" alt=\"barri vell girona\" \/>\t\t\t\t\t\t\t\t\t\t\t\t\t\t\t<\/div>\n\t\t\t\t<\/div>\n\t\t\t\t\t<\/div>\n\t\t<\/div>\n\t\t\t\t<div class=\"elementor-column elementor-col-50 elementor-top-column elementor-element elementor-element-733a68d\" data-id=\"733a68d\" data-element_type=\"column\" data-e-type=\"column\" data-settings=\"{&quot;background_background&quot;:&quot;classic&quot;}\">\n\t\t\t<div class=\"elementor-widget-wrap elementor-element-populated\">\n\t\t\t\t\t\t<div class=\"elementor-element elementor-element-57d6ba3 elementor-invisible elementor-widget elementor-widget-image\" data-id=\"57d6ba3\" data-element_type=\"widget\" data-e-type=\"widget\" data-settings=\"{&quot;_animation&quot;:&quot;fadeIn&quot;,&quot;_animation_delay&quot;:700}\" data-widget_type=\"image.default\">\n\t\t\t\t<div class=\"elementor-widget-container\">\n\t\t\t\t\t\t\t\t\t\t\t\t\t\t\t<img fetchpriority=\"high\" decoding=\"async\" width=\"472\" height=\"978\" src=\"https:\/\/www.lavedetterestaurant.com\/wp-content\/uploads\/2026\/05\/carta-sabadell.jpg\" class=\"attachment-full size-full wp-image-14109\" alt=\"Carta Sabadell La Vedette\" srcset=\"https:\/\/www.lavedetterestaurant.com\/wp-content\/uploads\/2026\/05\/carta-sabadell.jpg 472w, https:\/\/www.lavedetterestaurant.com\/wp-content\/uploads\/2026\/05\/carta-sabadell-145x300.jpg 145w, https:\/\/www.lavedetterestaurant.com\/wp-content\/uploads\/2026\/05\/carta-sabadell-6x12.jpg 6w\" sizes=\"(max-width: 472px) 100vw, 472px\" \/>\t\t\t\t\t\t\t\t\t\t\t\t\t\t\t<\/div>\n\t\t\t\t<\/div>\n\t\t\t\t\t<\/div>\n\t\t<\/div>\n\t\t\t\t\t<\/div>\n\t\t<\/section>\n\t\t\t\t<\/div>","protected":false},"excerpt":{"rendered":"<p>CARTA SABADELL ELS NOSTRES PLATS CARTA La nostra carta ofereix una cuina d\u2019inspiraci\u00f3 internacional, constru\u00efda a partir d\u2019idees, sabors i receptes descobertes en diferents indrets del m\u00f3n i reinterpretades amb l\u2019estil propi de La Vedette Sabadell. Treballem amb ingredients singulars, molts d\u2019ells seleccionats per la seva autenticitat i qualitat, i elaborem a casa la gran [&hellip;]<\/p>\n","protected":false},"author":1,"featured_media":14109,"parent":0,"menu_order":0,"comment_status":"closed","ping_status":"closed","template":"","meta":{"footnotes":""},"class_list":["post-14090","page","type-page","status-publish","has-post-thumbnail","hentry"],"yoast_head":"<!-- This site is optimized with the Yoast SEO Premium plugin v21.5 (Yoast SEO v27.6) - https:\/\/yoast.com\/product\/yoast-seo-premium-wordpress\/ -->\n<title>Carta Sabadell - La Vedette Cr\u00eaperie Bretonne Restaurant<\/title>\n<meta name=\"description\" content=\"A la Carta Sabadell trobar\u00e0s una cuina internacional i saludable, amb ingredients \u00fanics i una gran varietat d&#039;opcions per tots els gustos.\" \/>\n<meta name=\"robots\" content=\"index, follow, max-snippet:-1, max-image-preview:large, max-video-preview:-1\" \/>\n<link rel=\"canonical\" href=\"https:\/\/www.lavedetterestaurant.com\/fr\/carta-sabadell\/\" \/>\n<meta property=\"og:locale\" content=\"fr_FR\" \/>\n<meta property=\"og:type\" content=\"article\" \/>\n<meta property=\"og:title\" content=\"Carta Sabadell\" \/>\n<meta property=\"og:description\" content=\"A la Carta Sabadell trobar\u00e0s una cuina internacional i saludable, amb ingredients \u00fanics i una gran varietat d&#039;opcions per tots els gustos.\" \/>\n<meta property=\"og:url\" content=\"https:\/\/www.lavedetterestaurant.com\/fr\/carta-sabadell\/\" \/>\n<meta property=\"og:site_name\" content=\"La Vedette\" \/>\n<meta property=\"article:publisher\" content=\"https:\/\/www.instagram.com\/lavedette00\/\" \/>\n<meta property=\"article:modified_time\" content=\"2026-05-12T12:21:42+00:00\" \/>\n<meta property=\"og:image\" content=\"https:\/\/www.lavedetterestaurant.com\/wp-content\/uploads\/2026\/05\/carta-sabadell.jpg\" \/>\n\t<meta property=\"og:image:width\" content=\"472\" \/>\n\t<meta property=\"og:image:height\" content=\"978\" \/>\n\t<meta property=\"og:image:type\" content=\"image\/jpeg\" \/>\n<meta name=\"twitter:card\" content=\"summary_large_image\" \/>\n<meta name=\"twitter:label1\" content=\"Dur\u00e9e de lecture estim\u00e9e\" \/>\n\t<meta name=\"twitter:data1\" content=\"1 minute\" \/>\n<script type=\"application\/ld+json\" class=\"yoast-schema-graph\">{\"@context\":\"https:\\\/\\\/schema.org\",\"@graph\":[{\"@type\":\"WebPage\",\"@id\":\"https:\\\/\\\/www.lavedetterestaurant.com\\\/carta-sabadell\\\/\",\"url\":\"https:\\\/\\\/www.lavedetterestaurant.com\\\/carta-sabadell\\\/\",\"name\":\"Carta Sabadell - La Vedette Cr\u00eaperie Bretonne Restaurant\",\"isPartOf\":{\"@id\":\"https:\\\/\\\/www.lavedetterestaurant.com\\\/#website\"},\"primaryImageOfPage\":{\"@id\":\"https:\\\/\\\/www.lavedetterestaurant.com\\\/carta-sabadell\\\/#primaryimage\"},\"image\":{\"@id\":\"https:\\\/\\\/www.lavedetterestaurant.com\\\/carta-sabadell\\\/#primaryimage\"},\"thumbnailUrl\":\"https:\\\/\\\/www.lavedetterestaurant.com\\\/wp-content\\\/uploads\\\/2026\\\/05\\\/carta-sabadell.jpg\",\"datePublished\":\"2026-05-12T11:25:39+00:00\",\"dateModified\":\"2026-05-12T12:21:42+00:00\",\"description\":\"A la Carta Sabadell trobar\u00e0s una cuina internacional i saludable, amb ingredients \u00fanics i una gran varietat d'opcions per tots els gustos.\",\"breadcrumb\":{\"@id\":\"https:\\\/\\\/www.lavedetterestaurant.com\\\/carta-sabadell\\\/#breadcrumb\"},\"inLanguage\":\"fr-FR\",\"potentialAction\":[{\"@type\":\"ReadAction\",\"target\":[\"https:\\\/\\\/www.lavedetterestaurant.com\\\/carta-sabadell\\\/\"]}]},{\"@type\":\"ImageObject\",\"inLanguage\":\"fr-FR\",\"@id\":\"https:\\\/\\\/www.lavedetterestaurant.com\\\/carta-sabadell\\\/#primaryimage\",\"url\":\"https:\\\/\\\/www.lavedetterestaurant.com\\\/wp-content\\\/uploads\\\/2026\\\/05\\\/carta-sabadell.jpg\",\"contentUrl\":\"https:\\\/\\\/www.lavedetterestaurant.com\\\/wp-content\\\/uploads\\\/2026\\\/05\\\/carta-sabadell.jpg\",\"width\":472,\"height\":978,\"caption\":\"Screenshot\"},{\"@type\":\"BreadcrumbList\",\"@id\":\"https:\\\/\\\/www.lavedetterestaurant.com\\\/carta-sabadell\\\/#breadcrumb\",\"itemListElement\":[{\"@type\":\"ListItem\",\"position\":1,\"name\":\"Home\",\"item\":\"https:\\\/\\\/www.lavedetterestaurant.com\\\/\"},{\"@type\":\"ListItem\",\"position\":2,\"name\":\"Carta Sabadell\"}]},{\"@type\":\"WebSite\",\"@id\":\"https:\\\/\\\/www.lavedetterestaurant.com\\\/#website\",\"url\":\"https:\\\/\\\/www.lavedetterestaurant.com\\\/\",\"name\":\"La Vedette\",\"description\":\"Restaurant Cr\u00eaperie Bretonne La Vedette\",\"publisher\":{\"@id\":\"https:\\\/\\\/www.lavedetterestaurant.com\\\/#organization\"},\"potentialAction\":[{\"@type\":\"SearchAction\",\"target\":{\"@type\":\"EntryPoint\",\"urlTemplate\":\"https:\\\/\\\/www.lavedetterestaurant.com\\\/?s={search_term_string}\"},\"query-input\":{\"@type\":\"PropertyValueSpecification\",\"valueRequired\":true,\"valueName\":\"search_term_string\"}}],\"inLanguage\":\"fr-FR\"},{\"@type\":\"Organization\",\"@id\":\"https:\\\/\\\/www.lavedetterestaurant.com\\\/#organization\",\"name\":\"Restaurant Cr\u00eaperie Bretonne La Vedette\",\"url\":\"https:\\\/\\\/www.lavedetterestaurant.com\\\/\",\"logo\":{\"@type\":\"ImageObject\",\"inLanguage\":\"fr-FR\",\"@id\":\"https:\\\/\\\/www.lavedetterestaurant.com\\\/#\\\/schema\\\/logo\\\/image\\\/\",\"url\":\"https:\\\/\\\/www.lavedetterestaurant.com\\\/wp-content\\\/uploads\\\/2022\\\/01\\\/LOGO.png\",\"contentUrl\":\"https:\\\/\\\/www.lavedetterestaurant.com\\\/wp-content\\\/uploads\\\/2022\\\/01\\\/LOGO.png\",\"width\":250,\"height\":158,\"caption\":\"Restaurant Cr\u00eaperie Bretonne La Vedette\"},\"image\":{\"@id\":\"https:\\\/\\\/www.lavedetterestaurant.com\\\/#\\\/schema\\\/logo\\\/image\\\/\"},\"sameAs\":[\"https:\\\/\\\/www.instagram.com\\\/lavedette00\\\/\"]}]}<\/script>\n<!-- \/ Yoast SEO Premium plugin. -->","yoast_head_json":{"title":"Carta Sabadell - La Vedette Cr\u00eaperie Bretonne Restaurant","description":"A la Carta Sabadell trobar\u00e0s una cuina internacional i saludable, amb ingredients \u00fanics i una gran varietat d'opcions per tots els gustos.","robots":{"index":"index","follow":"follow","max-snippet":"max-snippet:-1","max-image-preview":"max-image-preview:large","max-video-preview":"max-video-preview:-1"},"canonical":"https:\/\/www.lavedetterestaurant.com\/fr\/carta-sabadell\/","og_locale":"fr_FR","og_type":"article","og_title":"Carta Sabadell","og_description":"A la Carta Sabadell trobar\u00e0s una cuina internacional i saludable, amb ingredients \u00fanics i una gran varietat d'opcions per tots els gustos.","og_url":"https:\/\/www.lavedetterestaurant.com\/fr\/carta-sabadell\/","og_site_name":"La Vedette","article_publisher":"https:\/\/www.instagram.com\/lavedette00\/","article_modified_time":"2026-05-12T12:21:42+00:00","og_image":[{"width":472,"height":978,"url":"https:\/\/www.lavedetterestaurant.com\/wp-content\/uploads\/2026\/05\/carta-sabadell.jpg","type":"image\/jpeg"}],"twitter_card":"summary_large_image","twitter_misc":{"Dur\u00e9e de lecture estim\u00e9e":"1 minute"},"schema":{"@context":"https:\/\/schema.org","@graph":[{"@type":"WebPage","@id":"https:\/\/www.lavedetterestaurant.com\/carta-sabadell\/","url":"https:\/\/www.lavedetterestaurant.com\/carta-sabadell\/","name":"Carta Sabadell - La Vedette Cr\u00eaperie Bretonne Restaurant","isPartOf":{"@id":"https:\/\/www.lavedetterestaurant.com\/#website"},"primaryImageOfPage":{"@id":"https:\/\/www.lavedetterestaurant.com\/carta-sabadell\/#primaryimage"},"image":{"@id":"https:\/\/www.lavedetterestaurant.com\/carta-sabadell\/#primaryimage"},"thumbnailUrl":"https:\/\/www.lavedetterestaurant.com\/wp-content\/uploads\/2026\/05\/carta-sabadell.jpg","datePublished":"2026-05-12T11:25:39+00:00","dateModified":"2026-05-12T12:21:42+00:00","description":"A la Carta Sabadell trobar\u00e0s una cuina internacional i saludable, amb ingredients \u00fanics i una gran varietat d'opcions per tots els gustos.","breadcrumb":{"@id":"https:\/\/www.lavedetterestaurant.com\/carta-sabadell\/#breadcrumb"},"inLanguage":"fr-FR","potentialAction":[{"@type":"ReadAction","target":["https:\/\/www.lavedetterestaurant.com\/carta-sabadell\/"]}]},{"@type":"ImageObject","inLanguage":"fr-FR","@id":"https:\/\/www.lavedetterestaurant.com\/carta-sabadell\/#primaryimage","url":"https:\/\/www.lavedetterestaurant.com\/wp-content\/uploads\/2026\/05\/carta-sabadell.jpg","contentUrl":"https:\/\/www.lavedetterestaurant.com\/wp-content\/uploads\/2026\/05\/carta-sabadell.jpg","width":472,"height":978,"caption":"Screenshot"},{"@type":"BreadcrumbList","@id":"https:\/\/www.lavedetterestaurant.com\/carta-sabadell\/#breadcrumb","itemListElement":[{"@type":"ListItem","position":1,"name":"Home","item":"https:\/\/www.lavedetterestaurant.com\/"},{"@type":"ListItem","position":2,"name":"Carta Sabadell"}]},{"@type":"WebSite","@id":"https:\/\/www.lavedetterestaurant.com\/#website","url":"https:\/\/www.lavedetterestaurant.com\/","name":"The Star","description":"Restaurant Cr\u00eaperie Bretonne La Vedette","publisher":{"@id":"https:\/\/www.lavedetterestaurant.com\/#organization"},"potentialAction":[{"@type":"SearchAction","target":{"@type":"EntryPoint","urlTemplate":"https:\/\/www.lavedetterestaurant.com\/?s={search_term_string}"},"query-input":{"@type":"PropertyValueSpecification","valueRequired":true,"valueName":"search_term_string"}}],"inLanguage":"fr-FR"},{"@type":"Organization","@id":"https:\/\/www.lavedetterestaurant.com\/#organization","name":"Restaurant Cr\u00eaperie Bretonne La Vedette","url":"https:\/\/www.lavedetterestaurant.com\/","logo":{"@type":"ImageObject","inLanguage":"fr-FR","@id":"https:\/\/www.lavedetterestaurant.com\/#\/schema\/logo\/image\/","url":"https:\/\/www.lavedetterestaurant.com\/wp-content\/uploads\/2022\/01\/LOGO.png","contentUrl":"https:\/\/www.lavedetterestaurant.com\/wp-content\/uploads\/2022\/01\/LOGO.png","width":250,"height":158,"caption":"Restaurant Cr\u00eaperie Bretonne La Vedette"},"image":{"@id":"https:\/\/www.lavedetterestaurant.com\/#\/schema\/logo\/image\/"},"sameAs":["https:\/\/www.instagram.com\/lavedette00\/"]}]}},"_links":{"self":[{"href":"https:\/\/www.lavedetterestaurant.com\/fr\/wp-json\/wp\/v2\/pages\/14090","targetHints":{"allow":["GET"]}}],"collection":[{"href":"https:\/\/www.lavedetterestaurant.com\/fr\/wp-json\/wp\/v2\/pages"}],"about":[{"href":"https:\/\/www.lavedetterestaurant.com\/fr\/wp-json\/wp\/v2\/types\/page"}],"author":[{"embeddable":true,"href":"https:\/\/www.lavedetterestaurant.com\/fr\/wp-json\/wp\/v2\/users\/1"}],"replies":[{"embeddable":true,"href":"https:\/\/www.lavedetterestaurant.com\/fr\/wp-json\/wp\/v2\/comments?post=14090"}],"version-history":[{"count":14,"href":"https:\/\/www.lavedetterestaurant.com\/fr\/wp-json\/wp\/v2\/pages\/14090\/revisions"}],"predecessor-version":[{"id":14156,"href":"https:\/\/www.lavedetterestaurant.com\/fr\/wp-json\/wp\/v2\/pages\/14090\/revisions\/14156"}],"wp:featuredmedia":[{"embeddable":true,"href":"https:\/\/www.lavedetterestaurant.com\/fr\/wp-json\/wp\/v2\/media\/14109"}],"wp:attachment":[{"href":"https:\/\/www.lavedetterestaurant.com\/fr\/wp-json\/wp\/v2\/media?parent=14090"}],"curies":[{"name":"wp","href":"https:\/\/api.w.org\/{rel}","templated":true}]}}