{"id":35,"date":"2022-01-10T12:00:33","date_gmt":"2022-01-10T12:00:33","guid":{"rendered":"https:\/\/www.lavedetterestaurant.com\/?page_id=35"},"modified":"2026-05-12T14:24:14","modified_gmt":"2026-05-12T12:24:14","slug":"carta-girona","status":"publish","type":"page","link":"https:\/\/www.lavedetterestaurant.com\/es\/carta-girona\/","title":{"rendered":"Carta Girona"},"content":{"rendered":"<div data-elementor-type=\"wp-page\" data-elementor-id=\"35\" class=\"elementor elementor-35\" data-elementor-post-type=\"page\">\n\t\t\t\t\t\t<section class=\"elementor-section elementor-top-section elementor-element elementor-element-2611d0e elementor-section-boxed elementor-section-height-default elementor-section-height-default\" data-id=\"2611d0e\" data-element_type=\"section\" data-e-type=\"section\" data-settings=\"{&quot;background_background&quot;:&quot;classic&quot;}\">\n\t\t\t\t\t\t<div class=\"elementor-container elementor-column-gap-default\">\n\t\t\t\t\t<div class=\"elementor-column elementor-col-100 elementor-top-column elementor-element elementor-element-69431da\" data-id=\"69431da\" data-element_type=\"column\" data-e-type=\"column\">\n\t\t\t<div class=\"elementor-widget-wrap elementor-element-populated\">\n\t\t\t\t\t\t<div class=\"elementor-element elementor-element-e8a3cab elementor-widget elementor-widget-spacer\" data-id=\"e8a3cab\" data-element_type=\"widget\" data-e-type=\"widget\" data-widget_type=\"spacer.default\">\n\t\t\t\t<div class=\"elementor-widget-container\">\n\t\t\t\t\t\t\t<div class=\"elementor-spacer\">\n\t\t\t<div class=\"elementor-spacer-inner\"><\/div>\n\t\t<\/div>\n\t\t\t\t\t\t<\/div>\n\t\t\t\t<\/div>\n\t\t\t\t<div class=\"elementor-element elementor-element-b6e828e elementor-invisible elementor-widget elementor-widget-heading\" data-id=\"b6e828e\" data-element_type=\"widget\" data-e-type=\"widget\" data-settings=\"{&quot;_animation&quot;:&quot;zoomIn&quot;}\" data-widget_type=\"heading.default\">\n\t\t\t\t<div class=\"elementor-widget-container\">\n\t\t\t\t\t<h1 class=\"elementor-heading-title elementor-size-default\">CARTA<\/h1>\t\t\t\t<\/div>\n\t\t\t\t<\/div>\n\t\t\t\t<div class=\"elementor-element elementor-element-8054f61 elementor-widget elementor-widget-heading\" data-id=\"8054f61\" data-element_type=\"widget\" data-e-type=\"widget\" data-widget_type=\"heading.default\">\n\t\t\t\t<div class=\"elementor-widget-container\">\n\t\t\t\t\t<h2 class=\"elementor-heading-title elementor-size-default\">Girona<\/h2>\t\t\t\t<\/div>\n\t\t\t\t<\/div>\n\t\t\t\t<div class=\"elementor-element elementor-element-39b40d5 elementor-widget elementor-widget-spacer\" data-id=\"39b40d5\" data-element_type=\"widget\" data-e-type=\"widget\" data-widget_type=\"spacer.default\">\n\t\t\t\t<div class=\"elementor-widget-container\">\n\t\t\t\t\t\t\t<div class=\"elementor-spacer\">\n\t\t\t<div class=\"elementor-spacer-inner\"><\/div>\n\t\t<\/div>\n\t\t\t\t\t\t<\/div>\n\t\t\t\t<\/div>\n\t\t\t\t\t<\/div>\n\t\t<\/div>\n\t\t\t\t\t<\/div>\n\t\t<\/section>\n\t\t\t\t<section class=\"elementor-section elementor-top-section elementor-element elementor-element-01bfb2a elementor-section-boxed elementor-section-height-default elementor-section-height-default\" data-id=\"01bfb2a\" data-element_type=\"section\" data-e-type=\"section\">\n\t\t\t\t\t\t<div class=\"elementor-container elementor-column-gap-default\">\n\t\t\t\t\t<div class=\"elementor-column elementor-col-50 elementor-top-column elementor-element elementor-element-290809e\" data-id=\"290809e\" data-element_type=\"column\" data-e-type=\"column\">\n\t\t\t<div class=\"elementor-widget-wrap elementor-element-populated\">\n\t\t\t\t\t\t<div class=\"elementor-element elementor-element-a772713 elementor-invisible elementor-widget elementor-widget-text-editor\" data-id=\"a772713\" data-element_type=\"widget\" data-e-type=\"widget\" data-settings=\"{&quot;_animation&quot;:&quot;fadeInDown&quot;}\" data-widget_type=\"text-editor.default\">\n\t\t\t\t<div class=\"elementor-widget-container\">\n\t\t\t\t\t\t\t\t\t<p>NUESTROS PLATOS<\/p>\t\t\t\t\t\t\t\t<\/div>\n\t\t\t\t<\/div>\n\t\t\t\t<div class=\"elementor-element elementor-element-8ca4855 elementor-invisible elementor-widget elementor-widget-text-editor\" data-id=\"8ca4855\" data-element_type=\"widget\" data-e-type=\"widget\" data-settings=\"{&quot;_animation&quot;:&quot;fadeInUp&quot;,&quot;_animation_delay&quot;:400}\" data-widget_type=\"text-editor.default\">\n\t\t\t\t<div class=\"elementor-widget-container\">\n\t\t\t\t\t\t\t\t\t<p>CARTA<\/p>\t\t\t\t\t\t\t\t<\/div>\n\t\t\t\t<\/div>\n\t\t\t\t<div class=\"elementor-element elementor-element-4cc8b69 elementor-widget__width-initial elementor-invisible elementor-widget elementor-widget-text-editor\" data-id=\"4cc8b69\" data-element_type=\"widget\" data-e-type=\"widget\" data-settings=\"{&quot;_animation&quot;:&quot;fadeIn&quot;,&quot;_animation_delay&quot;:900}\" data-widget_type=\"text-editor.default\">\n\t\t\t\t<div class=\"elementor-widget-container\">\n\t\t\t\t\t\t\t\t\t<p class=\"translation-block\">Nuestra carta incluye una cocina <strong>internacional<\/strong>, descubierta viajando alrededor del mundo y adaptando las recetas al estilo de <strong>La Vedette<\/strong>. Contamos con ingredientes \u00fanicos, la gran mayor\u00eda importados directamente de su <strong>pa\u00eds de origen<\/strong>, y <strong>elaborando nosotros mismos<\/strong> casi la totalidad de nuestros platos. Todos ellos combinados con mucha delicadeza en esta, nuestra carta.<\/p>\t\t\t\t\t\t\t\t<\/div>\n\t\t\t\t<\/div>\n\t\t<div class=\"elementor-element elementor-element-65b297b e-flex e-con-boxed e-con e-parent\" data-id=\"65b297b\" data-element_type=\"container\" data-e-type=\"container\">\n\t\t\t\t\t<div class=\"e-con-inner\">\n\t\t\t\t<div class=\"elementor-element elementor-element-fd53566 elementor-invisible elementor-widget elementor-widget-button\" data-id=\"fd53566\" data-element_type=\"widget\" data-e-type=\"widget\" data-settings=\"{&quot;_animation&quot;:&quot;zoomIn&quot;,&quot;_animation_delay&quot;:1100}\" data-widget_type=\"button.default\">\n\t\t\t\t<div class=\"elementor-widget-container\">\n\t\t\t\t\t\t\t\t\t<div class=\"elementor-button-wrapper\">\n\t\t\t\t\t<a class=\"elementor-button elementor-button-link elementor-size-sm elementor-animation-shrink\" href=\"https:\/\/www.lavedetterestaurant.com\/wp-content\/uploads\/2026\/05\/LA-VEDETTE-CartaRestaurantGirona_CA-ES.pdf\" target=\"_blank\">\n\t\t\t\t\t\t<span class=\"elementor-button-content-wrapper\">\n\t\t\t\t\t\t\t\t\t<span class=\"elementor-button-text\">ver carta<\/span>\n\t\t\t\t\t<\/span>\n\t\t\t\t\t<\/a>\n\t\t\t\t<\/div>\n\t\t\t\t\t\t\t\t<\/div>\n\t\t\t\t<\/div>\n\t\t\t\t<div class=\"elementor-element elementor-element-7cbb1e0 elementor-invisible elementor-widget elementor-widget-button\" data-id=\"7cbb1e0\" data-element_type=\"widget\" data-e-type=\"widget\" data-settings=\"{&quot;_animation&quot;:&quot;zoomIn&quot;,&quot;_animation_delay&quot;:1100}\" data-widget_type=\"button.default\">\n\t\t\t\t<div class=\"elementor-widget-container\">\n\t\t\t\t\t\t\t\t\t<div class=\"elementor-button-wrapper\">\n\t\t\t\t\t<a class=\"elementor-button elementor-button-link elementor-size-sm elementor-animation-shrink\" href=\"https:\/\/www.lavedetterestaurant.com\/es\/reserves\/\" target=\"_blank\">\n\t\t\t\t\t\t<span class=\"elementor-button-content-wrapper\">\n\t\t\t\t\t\t\t\t\t<span class=\"elementor-button-text\">reserva<\/span>\n\t\t\t\t\t<\/span>\n\t\t\t\t\t<\/a>\n\t\t\t\t<\/div>\n\t\t\t\t\t\t\t\t<\/div>\n\t\t\t\t<\/div>\n\t\t\t\t\t<\/div>\n\t\t\t\t<\/div>\n\t\t\t\t<div class=\"elementor-element elementor-element-677d66b elementor-invisible elementor-widget elementor-widget-image\" data-id=\"677d66b\" data-element_type=\"widget\" data-e-type=\"widget\" data-settings=\"{&quot;_animation&quot;:&quot;fadeIn&quot;}\" data-widget_type=\"image.default\">\n\t\t\t\t<div class=\"elementor-widget-container\">\n\t\t\t\t\t\t\t\t\t\t\t\t\t\t\t<img decoding=\"async\" width=\"1\" height=\"1\" src=\"https:\/\/www.lavedetterestaurant.com\/wp-content\/uploads\/2022\/01\/grafics-04.svg\" class=\"attachment-large size-large wp-image-19\" alt=\"barri vell girona\" \/>\t\t\t\t\t\t\t\t\t\t\t\t\t\t\t<\/div>\n\t\t\t\t<\/div>\n\t\t\t\t\t<\/div>\n\t\t<\/div>\n\t\t\t\t<div class=\"elementor-column elementor-col-50 elementor-top-column elementor-element elementor-element-f909f2f\" data-id=\"f909f2f\" data-element_type=\"column\" data-e-type=\"column\" data-settings=\"{&quot;background_background&quot;:&quot;classic&quot;}\">\n\t\t\t<div class=\"elementor-widget-wrap elementor-element-populated\">\n\t\t\t\t\t\t<div class=\"elementor-element elementor-element-2a671c2 elementor-invisible elementor-widget elementor-widget-image\" data-id=\"2a671c2\" data-element_type=\"widget\" data-e-type=\"widget\" data-settings=\"{&quot;_animation&quot;:&quot;fadeIn&quot;,&quot;_animation_delay&quot;:700}\" data-widget_type=\"image.default\">\n\t\t\t\t<div class=\"elementor-widget-container\">\n\t\t\t\t\t\t\t\t\t\t\t\t\t\t\t<img fetchpriority=\"high\" decoding=\"async\" width=\"380\" height=\"800\" src=\"https:\/\/www.lavedetterestaurant.com\/wp-content\/uploads\/2022\/01\/carta-restaurant.jpg\" class=\"attachment-full size-full wp-image-221\" alt=\"carta girona menu la vedette\" srcset=\"https:\/\/www.lavedetterestaurant.com\/wp-content\/uploads\/2022\/01\/carta-restaurant.jpg 380w, https:\/\/www.lavedetterestaurant.com\/wp-content\/uploads\/2022\/01\/carta-restaurant-143x300.jpg 143w\" sizes=\"(max-width: 380px) 100vw, 380px\" \/>\t\t\t\t\t\t\t\t\t\t\t\t\t\t\t<\/div>\n\t\t\t\t<\/div>\n\t\t\t\t\t<\/div>\n\t\t<\/div>\n\t\t\t\t\t<\/div>\n\t\t<\/section>\n\t\t\t\t<section class=\"elementor-section elementor-top-section elementor-element elementor-element-17717c8 elementor-section-boxed elementor-section-height-default elementor-section-height-default elementor-invisible\" data-id=\"17717c8\" data-element_type=\"section\" data-e-type=\"section\" data-settings=\"{&quot;animation&quot;:&quot;fadeInUp&quot;}\">\n\t\t\t\t\t\t<div class=\"elementor-container elementor-column-gap-default\">\n\t\t\t\t\t<div class=\"elementor-column elementor-col-33 elementor-top-column elementor-element elementor-element-d0e5296\" data-id=\"d0e5296\" data-element_type=\"column\" data-e-type=\"column\" data-settings=\"{&quot;background_background&quot;:&quot;classic&quot;}\">\n\t\t\t<div class=\"elementor-widget-wrap elementor-element-populated\">\n\t\t\t\t\t\t<div class=\"elementor-element elementor-element-750f320 elementor-invisible elementor-widget elementor-widget-heading\" data-id=\"750f320\" data-element_type=\"widget\" data-e-type=\"widget\" data-settings=\"{&quot;_animation&quot;:&quot;zoomIn&quot;}\" data-widget_type=\"heading.default\">\n\t\t\t\t<div class=\"elementor-widget-container\">\n\t\t\t\t\t<h2 class=\"elementor-heading-title elementor-size-default\">ABIERTO<\/h2>\t\t\t\t<\/div>\n\t\t\t\t<\/div>\n\t\t\t\t\t<\/div>\n\t\t<\/div>\n\t\t\t\t<div class=\"elementor-column elementor-col-33 elementor-top-column elementor-element elementor-element-d679c4a\" data-id=\"d679c4a\" data-element_type=\"column\" data-e-type=\"column\" data-settings=\"{&quot;background_background&quot;:&quot;classic&quot;}\">\n\t\t\t<div class=\"elementor-widget-wrap elementor-element-populated\">\n\t\t\t\t\t\t<div class=\"elementor-element elementor-element-f4b4902 elementor-widget__width-initial elementor-invisible elementor-widget elementor-widget-text-editor\" data-id=\"f4b4902\" data-element_type=\"widget\" data-e-type=\"widget\" data-settings=\"{&quot;_animation&quot;:&quot;fadeIn&quot;,&quot;_animation_delay&quot;:900}\" data-widget_type=\"text-editor.default\">\n\t\t\t\t<div class=\"elementor-widget-container\">\n\t\t\t\t\t\t\t\t\t<p><strong>LUNES a JUEVES<\/strong><\/p><p>de <strong>19:30 \u2013 23:30 h<\/strong><\/p>\t\t\t\t\t\t\t\t<\/div>\n\t\t\t\t<\/div>\n\t\t\t\t\t<\/div>\n\t\t<\/div>\n\t\t\t\t<div class=\"elementor-column elementor-col-33 elementor-top-column elementor-element elementor-element-4ab727c\" data-id=\"4ab727c\" data-element_type=\"column\" data-e-type=\"column\" data-settings=\"{&quot;background_background&quot;:&quot;classic&quot;}\">\n\t\t\t<div class=\"elementor-widget-wrap elementor-element-populated\">\n\t\t\t\t\t\t<div class=\"elementor-element elementor-element-c005d1b elementor-widget__width-initial elementor-invisible elementor-widget elementor-widget-text-editor\" data-id=\"c005d1b\" data-element_type=\"widget\" data-e-type=\"widget\" data-settings=\"{&quot;_animation&quot;:&quot;fadeIn&quot;,&quot;_animation_delay&quot;:900}\" data-widget_type=\"text-editor.default\">\n\t\t\t\t<div class=\"elementor-widget-container\">\n\t\t\t\t\t\t\t\t\t<p><strong>VIERNES a DOMINGO<\/strong><\/p><p>de <strong>13-16<\/strong><strong>\u00a0h<\/strong> y de\u00a0<strong>19:30-23:30 h<\/strong><\/p>\t\t\t\t\t\t\t\t<\/div>\n\t\t\t\t<\/div>\n\t\t\t\t\t<\/div>\n\t\t<\/div>\n\t\t\t\t\t<\/div>\n\t\t<\/section>\n\t\t\t\t<\/div>","protected":false},"excerpt":{"rendered":"<p>CARTA GIRONA ELS NOSTRES PLATS CARTA La nostra carta inclou una\u00a0cuina internacional, descoberta viatjant arreu del m\u00f3n i adaptant les receptes a l\u2019estil de\u00a0La Vedette. Comptem amb ingredients \u00fanics, la gran majoria importats directament del seu\u00a0pa\u00eds d\u2019origen, i\u00a0elaborant nosaltres mateixos\u00a0gaireb\u00e9 la totalitat dels nostres plats. Tots ells combinats amb molta cura en aquesta, la nostra [&hellip;]<\/p>\n","protected":false},"author":1,"featured_media":0,"parent":0,"menu_order":0,"comment_status":"closed","ping_status":"closed","template":"","meta":{"footnotes":""},"class_list":["post-35","page","type-page","status-publish","hentry"],"yoast_head":"<!-- This site is optimized with the Yoast SEO Premium plugin v21.5 (Yoast SEO v27.6) - https:\/\/yoast.com\/product\/yoast-seo-premium-wordpress\/ -->\n<title>La nostra Carta Girona - La Vedette Restaurant Cr\u00eaperie Bretonne<\/title>\n<meta name=\"description\" content=\"La nostra carta inclou una cuina internacional, amb ingredients \u00fanics, importats del seu pa\u00eds d\u2019origen, i elaborant nosaltres els plats.\" \/>\n<meta name=\"robots\" content=\"index, follow, max-snippet:-1, max-image-preview:large, max-video-preview:-1\" \/>\n<link rel=\"canonical\" href=\"https:\/\/www.lavedetterestaurant.com\/es\/carta-girona\/\" \/>\n<meta property=\"og:locale\" content=\"es_ES\" \/>\n<meta property=\"og:type\" content=\"article\" \/>\n<meta property=\"og:title\" content=\"Carta Girona\" \/>\n<meta property=\"og:description\" content=\"La nostra carta inclou una cuina internacional, amb ingredients \u00fanics, importats del seu pa\u00eds d\u2019origen, i elaborant nosaltres els plats.\" \/>\n<meta property=\"og:url\" content=\"https:\/\/www.lavedetterestaurant.com\/es\/carta-girona\/\" \/>\n<meta property=\"og:site_name\" content=\"La Vedette\" \/>\n<meta property=\"article:publisher\" content=\"https:\/\/www.instagram.com\/lavedette00\/\" \/>\n<meta property=\"article:modified_time\" content=\"2026-05-12T12:24:14+00:00\" \/>\n<meta property=\"og:image\" content=\"https:\/\/www.lavedetterestaurant.com\/wp-content\/uploads\/2022\/01\/grafics-04.svg\" \/>\n<meta name=\"twitter:card\" content=\"summary_large_image\" \/>\n<meta name=\"twitter:label1\" content=\"Tiempo de lectura\" \/>\n\t<meta name=\"twitter:data1\" content=\"1 minuto\" \/>\n<script type=\"application\/ld+json\" class=\"yoast-schema-graph\">{\"@context\":\"https:\\\/\\\/schema.org\",\"@graph\":[{\"@type\":\"WebPage\",\"@id\":\"https:\\\/\\\/www.lavedetterestaurant.com\\\/carta-girona\\\/\",\"url\":\"https:\\\/\\\/www.lavedetterestaurant.com\\\/carta-girona\\\/\",\"name\":\"La nostra Carta Girona - La Vedette Restaurant Cr\u00eaperie Bretonne\",\"isPartOf\":{\"@id\":\"https:\\\/\\\/www.lavedetterestaurant.com\\\/#website\"},\"primaryImageOfPage\":{\"@id\":\"https:\\\/\\\/www.lavedetterestaurant.com\\\/carta-girona\\\/#primaryimage\"},\"image\":{\"@id\":\"https:\\\/\\\/www.lavedetterestaurant.com\\\/carta-girona\\\/#primaryimage\"},\"thumbnailUrl\":\"https:\\\/\\\/www.lavedetterestaurant.com\\\/wp-content\\\/uploads\\\/2022\\\/01\\\/grafics-04.svg\",\"datePublished\":\"2022-01-10T12:00:33+00:00\",\"dateModified\":\"2026-05-12T12:24:14+00:00\",\"description\":\"La nostra carta inclou una cuina internacional, amb ingredients \u00fanics, importats del seu pa\u00eds d\u2019origen, i elaborant nosaltres els plats.\",\"breadcrumb\":{\"@id\":\"https:\\\/\\\/www.lavedetterestaurant.com\\\/carta-girona\\\/#breadcrumb\"},\"inLanguage\":\"es\",\"potentialAction\":[{\"@type\":\"ReadAction\",\"target\":[\"https:\\\/\\\/www.lavedetterestaurant.com\\\/carta-girona\\\/\"]}]},{\"@type\":\"ImageObject\",\"inLanguage\":\"es\",\"@id\":\"https:\\\/\\\/www.lavedetterestaurant.com\\\/carta-girona\\\/#primaryimage\",\"url\":\"https:\\\/\\\/www.lavedetterestaurant.com\\\/wp-content\\\/uploads\\\/2022\\\/01\\\/grafics-04.svg\",\"contentUrl\":\"https:\\\/\\\/www.lavedetterestaurant.com\\\/wp-content\\\/uploads\\\/2022\\\/01\\\/grafics-04.svg\"},{\"@type\":\"BreadcrumbList\",\"@id\":\"https:\\\/\\\/www.lavedetterestaurant.com\\\/carta-girona\\\/#breadcrumb\",\"itemListElement\":[{\"@type\":\"ListItem\",\"position\":1,\"name\":\"Home\",\"item\":\"https:\\\/\\\/www.lavedetterestaurant.com\\\/\"},{\"@type\":\"ListItem\",\"position\":2,\"name\":\"Carta Girona\"}]},{\"@type\":\"WebSite\",\"@id\":\"https:\\\/\\\/www.lavedetterestaurant.com\\\/#website\",\"url\":\"https:\\\/\\\/www.lavedetterestaurant.com\\\/\",\"name\":\"La Vedette\",\"description\":\"Restaurant Cr\u00eaperie Bretonne La Vedette\",\"publisher\":{\"@id\":\"https:\\\/\\\/www.lavedetterestaurant.com\\\/#organization\"},\"potentialAction\":[{\"@type\":\"SearchAction\",\"target\":{\"@type\":\"EntryPoint\",\"urlTemplate\":\"https:\\\/\\\/www.lavedetterestaurant.com\\\/?s={search_term_string}\"},\"query-input\":{\"@type\":\"PropertyValueSpecification\",\"valueRequired\":true,\"valueName\":\"search_term_string\"}}],\"inLanguage\":\"es\"},{\"@type\":\"Organization\",\"@id\":\"https:\\\/\\\/www.lavedetterestaurant.com\\\/#organization\",\"name\":\"Restaurant Cr\u00eaperie Bretonne La Vedette\",\"url\":\"https:\\\/\\\/www.lavedetterestaurant.com\\\/\",\"logo\":{\"@type\":\"ImageObject\",\"inLanguage\":\"es\",\"@id\":\"https:\\\/\\\/www.lavedetterestaurant.com\\\/#\\\/schema\\\/logo\\\/image\\\/\",\"url\":\"https:\\\/\\\/www.lavedetterestaurant.com\\\/wp-content\\\/uploads\\\/2022\\\/01\\\/LOGO.png\",\"contentUrl\":\"https:\\\/\\\/www.lavedetterestaurant.com\\\/wp-content\\\/uploads\\\/2022\\\/01\\\/LOGO.png\",\"width\":250,\"height\":158,\"caption\":\"Restaurant Cr\u00eaperie Bretonne La Vedette\"},\"image\":{\"@id\":\"https:\\\/\\\/www.lavedetterestaurant.com\\\/#\\\/schema\\\/logo\\\/image\\\/\"},\"sameAs\":[\"https:\\\/\\\/www.instagram.com\\\/lavedette00\\\/\"]}]}<\/script>\n<!-- \/ Yoast SEO Premium plugin. -->","yoast_head_json":{"title":"La nostra Carta Girona - La Vedette Restaurant Cr\u00eaperie Bretonne","description":"La nostra carta inclou una cuina internacional, amb ingredients \u00fanics, importats del seu pa\u00eds d\u2019origen, i elaborant nosaltres els plats.","robots":{"index":"index","follow":"follow","max-snippet":"max-snippet:-1","max-image-preview":"max-image-preview:large","max-video-preview":"max-video-preview:-1"},"canonical":"https:\/\/www.lavedetterestaurant.com\/es\/carta-girona\/","og_locale":"es_ES","og_type":"article","og_title":"Carta Girona","og_description":"La nostra carta inclou una cuina internacional, amb ingredients \u00fanics, importats del seu pa\u00eds d\u2019origen, i elaborant nosaltres els plats.","og_url":"https:\/\/www.lavedetterestaurant.com\/es\/carta-girona\/","og_site_name":"La Vedette","article_publisher":"https:\/\/www.instagram.com\/lavedette00\/","article_modified_time":"2026-05-12T12:24:14+00:00","og_image":[{"url":"https:\/\/www.lavedetterestaurant.com\/wp-content\/uploads\/2022\/01\/grafics-04.svg","type":"","width":"","height":""}],"twitter_card":"summary_large_image","twitter_misc":{"Tiempo de lectura":"1 minuto"},"schema":{"@context":"https:\/\/schema.org","@graph":[{"@type":"WebPage","@id":"https:\/\/www.lavedetterestaurant.com\/carta-girona\/","url":"https:\/\/www.lavedetterestaurant.com\/carta-girona\/","name":"La nostra Carta Girona - La Vedette Restaurant Cr\u00eaperie Bretonne","isPartOf":{"@id":"https:\/\/www.lavedetterestaurant.com\/#website"},"primaryImageOfPage":{"@id":"https:\/\/www.lavedetterestaurant.com\/carta-girona\/#primaryimage"},"image":{"@id":"https:\/\/www.lavedetterestaurant.com\/carta-girona\/#primaryimage"},"thumbnailUrl":"https:\/\/www.lavedetterestaurant.com\/wp-content\/uploads\/2022\/01\/grafics-04.svg","datePublished":"2022-01-10T12:00:33+00:00","dateModified":"2026-05-12T12:24:14+00:00","description":"La nostra carta inclou una cuina internacional, amb ingredients \u00fanics, importats del seu pa\u00eds d\u2019origen, i elaborant nosaltres els plats.","breadcrumb":{"@id":"https:\/\/www.lavedetterestaurant.com\/carta-girona\/#breadcrumb"},"inLanguage":"es","potentialAction":[{"@type":"ReadAction","target":["https:\/\/www.lavedetterestaurant.com\/carta-girona\/"]}]},{"@type":"ImageObject","inLanguage":"es","@id":"https:\/\/www.lavedetterestaurant.com\/carta-girona\/#primaryimage","url":"https:\/\/www.lavedetterestaurant.com\/wp-content\/uploads\/2022\/01\/grafics-04.svg","contentUrl":"https:\/\/www.lavedetterestaurant.com\/wp-content\/uploads\/2022\/01\/grafics-04.svg"},{"@type":"BreadcrumbList","@id":"https:\/\/www.lavedetterestaurant.com\/carta-girona\/#breadcrumb","itemListElement":[{"@type":"ListItem","position":1,"name":"Home","item":"https:\/\/www.lavedetterestaurant.com\/"},{"@type":"ListItem","position":2,"name":"Carta Girona"}]},{"@type":"WebSite","@id":"https:\/\/www.lavedetterestaurant.com\/#website","url":"https:\/\/www.lavedetterestaurant.com\/","name":"La Vedette","description":"Restaurant Cr\u00eaperie Bretonne La Vedette","publisher":{"@id":"https:\/\/www.lavedetterestaurant.com\/#organization"},"potentialAction":[{"@type":"SearchAction","target":{"@type":"EntryPoint","urlTemplate":"https:\/\/www.lavedetterestaurant.com\/?s={search_term_string}"},"query-input":{"@type":"PropertyValueSpecification","valueRequired":true,"valueName":"search_term_string"}}],"inLanguage":"es"},{"@type":"Organization","@id":"https:\/\/www.lavedetterestaurant.com\/#organization","name":"Restaurant Cr\u00eaperie Bretonne La Vedette","url":"https:\/\/www.lavedetterestaurant.com\/","logo":{"@type":"ImageObject","inLanguage":"es","@id":"https:\/\/www.lavedetterestaurant.com\/#\/schema\/logo\/image\/","url":"https:\/\/www.lavedetterestaurant.com\/wp-content\/uploads\/2022\/01\/LOGO.png","contentUrl":"https:\/\/www.lavedetterestaurant.com\/wp-content\/uploads\/2022\/01\/LOGO.png","width":250,"height":158,"caption":"Restaurant Cr\u00eaperie Bretonne La Vedette"},"image":{"@id":"https:\/\/www.lavedetterestaurant.com\/#\/schema\/logo\/image\/"},"sameAs":["https:\/\/www.instagram.com\/lavedette00\/"]}]}},"_links":{"self":[{"href":"https:\/\/www.lavedetterestaurant.com\/es\/wp-json\/wp\/v2\/pages\/35","targetHints":{"allow":["GET"]}}],"collection":[{"href":"https:\/\/www.lavedetterestaurant.com\/es\/wp-json\/wp\/v2\/pages"}],"about":[{"href":"https:\/\/www.lavedetterestaurant.com\/es\/wp-json\/wp\/v2\/types\/page"}],"author":[{"embeddable":true,"href":"https:\/\/www.lavedetterestaurant.com\/es\/wp-json\/wp\/v2\/users\/1"}],"replies":[{"embeddable":true,"href":"https:\/\/www.lavedetterestaurant.com\/es\/wp-json\/wp\/v2\/comments?post=35"}],"version-history":[{"count":99,"href":"https:\/\/www.lavedetterestaurant.com\/es\/wp-json\/wp\/v2\/pages\/35\/revisions"}],"predecessor-version":[{"id":14155,"href":"https:\/\/www.lavedetterestaurant.com\/es\/wp-json\/wp\/v2\/pages\/35\/revisions\/14155"}],"wp:attachment":[{"href":"https:\/\/www.lavedetterestaurant.com\/es\/wp-json\/wp\/v2\/media?parent=35"}],"curies":[{"name":"wp","href":"https:\/\/api.w.org\/{rel}","templated":true}]}}