{"id":35,"date":"2022-01-10T12:00:33","date_gmt":"2022-01-10T12:00:33","guid":{"rendered":"https:\/\/www.lavedetterestaurant.com\/?page_id=35"},"modified":"2025-07-23T23:31:40","modified_gmt":"2025-07-23T21:31:40","slug":"carta","status":"publish","type":"page","link":"https:\/\/www.lavedetterestaurant.com\/en\/carta\/","title":{"rendered":"menu"},"content":{"rendered":"<div data-elementor-type=\"wp-page\" data-elementor-id=\"35\" class=\"elementor elementor-35\" data-elementor-post-type=\"page\">\n\t\t\t\t\t\t<section class=\"elementor-section elementor-top-section elementor-element elementor-element-2611d0e elementor-section-boxed elementor-section-height-default elementor-section-height-default\" data-id=\"2611d0e\" data-element_type=\"section\" data-e-type=\"section\" data-settings=\"{&quot;background_background&quot;:&quot;classic&quot;}\">\n\t\t\t\t\t\t<div class=\"elementor-container elementor-column-gap-default\">\n\t\t\t\t\t<div class=\"elementor-column elementor-col-100 elementor-top-column elementor-element elementor-element-69431da\" data-id=\"69431da\" data-element_type=\"column\" data-e-type=\"column\">\n\t\t\t<div class=\"elementor-widget-wrap elementor-element-populated\">\n\t\t\t\t\t\t<div class=\"elementor-element elementor-element-e8a3cab elementor-widget elementor-widget-spacer\" data-id=\"e8a3cab\" data-element_type=\"widget\" data-e-type=\"widget\" data-widget_type=\"spacer.default\">\n\t\t\t\t<div class=\"elementor-widget-container\">\n\t\t\t\t\t\t\t<div class=\"elementor-spacer\">\n\t\t\t<div class=\"elementor-spacer-inner\"><\/div>\n\t\t<\/div>\n\t\t\t\t\t\t<\/div>\n\t\t\t\t<\/div>\n\t\t\t\t<div class=\"elementor-element elementor-element-b6e828e elementor-invisible elementor-widget elementor-widget-heading\" data-id=\"b6e828e\" data-element_type=\"widget\" data-e-type=\"widget\" data-settings=\"{&quot;_animation&quot;:&quot;zoomIn&quot;}\" data-widget_type=\"heading.default\">\n\t\t\t\t<div class=\"elementor-widget-container\">\n\t\t\t\t\t<h1 class=\"elementor-heading-title elementor-size-default\">MENU<\/h1>\t\t\t\t<\/div>\n\t\t\t\t<\/div>\n\t\t\t\t<div class=\"elementor-element elementor-element-39b40d5 elementor-widget elementor-widget-spacer\" data-id=\"39b40d5\" data-element_type=\"widget\" data-e-type=\"widget\" data-widget_type=\"spacer.default\">\n\t\t\t\t<div class=\"elementor-widget-container\">\n\t\t\t\t\t\t\t<div class=\"elementor-spacer\">\n\t\t\t<div class=\"elementor-spacer-inner\"><\/div>\n\t\t<\/div>\n\t\t\t\t\t\t<\/div>\n\t\t\t\t<\/div>\n\t\t\t\t\t<\/div>\n\t\t<\/div>\n\t\t\t\t\t<\/div>\n\t\t<\/section>\n\t\t\t\t<section class=\"elementor-section elementor-top-section elementor-element elementor-element-01bfb2a elementor-section-boxed elementor-section-height-default elementor-section-height-default\" data-id=\"01bfb2a\" data-element_type=\"section\" data-e-type=\"section\">\n\t\t\t\t\t\t<div class=\"elementor-container elementor-column-gap-default\">\n\t\t\t\t\t<div class=\"elementor-column elementor-col-50 elementor-top-column elementor-element elementor-element-290809e\" data-id=\"290809e\" data-element_type=\"column\" data-e-type=\"column\">\n\t\t\t<div class=\"elementor-widget-wrap elementor-element-populated\">\n\t\t\t\t\t\t<div class=\"elementor-element elementor-element-a772713 elementor-invisible elementor-widget elementor-widget-text-editor\" data-id=\"a772713\" data-element_type=\"widget\" data-e-type=\"widget\" data-settings=\"{&quot;_animation&quot;:&quot;fadeInDown&quot;}\" data-widget_type=\"text-editor.default\">\n\t\t\t\t<div class=\"elementor-widget-container\">\n\t\t\t\t\t\t\t\t\t<p>OUR DISHES<\/p>\t\t\t\t\t\t\t\t<\/div>\n\t\t\t\t<\/div>\n\t\t\t\t<div class=\"elementor-element elementor-element-8ca4855 elementor-invisible elementor-widget elementor-widget-text-editor\" data-id=\"8ca4855\" data-element_type=\"widget\" data-e-type=\"widget\" data-settings=\"{&quot;_animation&quot;:&quot;fadeInUp&quot;,&quot;_animation_delay&quot;:400}\" data-widget_type=\"text-editor.default\">\n\t\t\t\t<div class=\"elementor-widget-container\">\n\t\t\t\t\t\t\t\t\t<p>MENU<\/p>\t\t\t\t\t\t\t\t<\/div>\n\t\t\t\t<\/div>\n\t\t\t\t<div class=\"elementor-element elementor-element-4cc8b69 elementor-widget__width-initial elementor-invisible elementor-widget elementor-widget-text-editor\" data-id=\"4cc8b69\" data-element_type=\"widget\" data-e-type=\"widget\" data-settings=\"{&quot;_animation&quot;:&quot;fadeIn&quot;,&quot;_animation_delay&quot;:900}\" data-widget_type=\"text-editor.default\">\n\t\t\t\t<div class=\"elementor-widget-container\">\n\t\t\t\t\t\t\t\t\t<p class=\"translation-block\">It includes an assorted range of <strong>worldwide dishes<\/strong> that we discovered during our journeys and we adapted them to <strong>La Vedette<\/strong> style. We use unique ingredients, almost all of them from the places <strong>where the dishes are originated<\/strong>. We make barely all of our dishes, and we combine them carefully, creating an awesome combination.<\/p>\t\t\t\t\t\t\t\t<\/div>\n\t\t\t\t<\/div>\n\t\t\t\t<section class=\"elementor-section elementor-inner-section elementor-element elementor-element-b1f7b68 elementor-section-boxed elementor-section-height-default elementor-section-height-default\" data-id=\"b1f7b68\" data-element_type=\"section\" data-e-type=\"section\">\n\t\t\t\t\t\t<div class=\"elementor-container elementor-column-gap-default\">\n\t\t\t\t\t<div class=\"elementor-column elementor-col-33 elementor-inner-column elementor-element elementor-element-1aeadf8\" data-id=\"1aeadf8\" data-element_type=\"column\" data-e-type=\"column\">\n\t\t\t<div class=\"elementor-widget-wrap elementor-element-populated\">\n\t\t\t\t\t\t<div class=\"elementor-element elementor-element-268a3f6 elementor-invisible elementor-widget elementor-widget-button\" data-id=\"268a3f6\" data-element_type=\"widget\" data-e-type=\"widget\" data-settings=\"{&quot;_animation&quot;:&quot;zoomIn&quot;,&quot;_animation_delay&quot;:1100}\" data-widget_type=\"button.default\">\n\t\t\t\t<div class=\"elementor-widget-container\">\n\t\t\t\t\t\t\t\t\t<div class=\"elementor-button-wrapper\">\n\t\t\t\t\t<a class=\"elementor-button elementor-button-link elementor-size-sm elementor-animation-shrink\" href=\"https:\/\/www.lavedetterestaurant.com\/wp-content\/uploads\/2025\/07\/LA-VEDETTE-CartaRestaurant_EN-FR-2025.pdf\" target=\"_blank\">\n\t\t\t\t\t\t<span class=\"elementor-button-content-wrapper\">\n\t\t\t\t\t\t\t\t\t<span class=\"elementor-button-text\">menu<\/span>\n\t\t\t\t\t<\/span>\n\t\t\t\t\t<\/a>\n\t\t\t\t<\/div>\n\t\t\t\t\t\t\t\t<\/div>\n\t\t\t\t<\/div>\n\t\t\t\t<div class=\"elementor-element elementor-element-b86c51e elementor-widget elementor-widget-spacer\" data-id=\"b86c51e\" data-element_type=\"widget\" data-e-type=\"widget\" data-widget_type=\"spacer.default\">\n\t\t\t\t<div class=\"elementor-widget-container\">\n\t\t\t\t\t\t\t<div class=\"elementor-spacer\">\n\t\t\t<div class=\"elementor-spacer-inner\"><\/div>\n\t\t<\/div>\n\t\t\t\t\t\t<\/div>\n\t\t\t\t<\/div>\n\t\t\t\t\t<\/div>\n\t\t<\/div>\n\t\t\t\t<div class=\"elementor-column elementor-col-33 elementor-inner-column elementor-element elementor-element-27e33ae\" data-id=\"27e33ae\" data-element_type=\"column\" data-e-type=\"column\">\n\t\t\t<div class=\"elementor-widget-wrap elementor-element-populated\">\n\t\t\t\t\t\t<div class=\"elementor-element elementor-element-b4e891e elementor-invisible elementor-widget elementor-widget-button\" data-id=\"b4e891e\" data-element_type=\"widget\" data-e-type=\"widget\" data-settings=\"{&quot;_animation&quot;:&quot;zoomIn&quot;,&quot;_animation_delay&quot;:1100}\" data-widget_type=\"button.default\">\n\t\t\t\t<div class=\"elementor-widget-container\">\n\t\t\t\t\t\t\t\t\t<div class=\"elementor-button-wrapper\">\n\t\t\t\t\t<a class=\"elementor-button elementor-button-link elementor-size-sm elementor-animation-shrink\" href=\"https:\/\/www.lavedetterestaurant.com\/en\/reserves\/\" target=\"_blank\">\n\t\t\t\t\t\t<span class=\"elementor-button-content-wrapper\">\n\t\t\t\t\t\t\t\t\t<span class=\"elementor-button-text\">book now<\/span>\n\t\t\t\t\t<\/span>\n\t\t\t\t\t<\/a>\n\t\t\t\t<\/div>\n\t\t\t\t\t\t\t\t<\/div>\n\t\t\t\t<\/div>\n\t\t\t\t\t<\/div>\n\t\t<\/div>\n\t\t\t\t<div class=\"elementor-column elementor-col-33 elementor-inner-column elementor-element elementor-element-058f9f6\" data-id=\"058f9f6\" data-element_type=\"column\" data-e-type=\"column\">\n\t\t\t<div class=\"elementor-widget-wrap\">\n\t\t\t\t\t\t\t<\/div>\n\t\t<\/div>\n\t\t\t\t\t<\/div>\n\t\t<\/section>\n\t\t\t\t<div class=\"elementor-element elementor-element-677d66b elementor-invisible elementor-widget elementor-widget-image\" data-id=\"677d66b\" data-element_type=\"widget\" data-e-type=\"widget\" data-settings=\"{&quot;_animation&quot;:&quot;fadeIn&quot;}\" data-widget_type=\"image.default\">\n\t\t\t\t<div class=\"elementor-widget-container\">\n\t\t\t\t\t\t\t\t\t\t\t\t\t\t\t<img decoding=\"async\" width=\"1\" height=\"1\" src=\"https:\/\/www.lavedetterestaurant.com\/wp-content\/uploads\/2022\/01\/grafics-04.svg\" class=\"attachment-large size-large wp-image-19\" alt=\"barri vell girona\" \/>\t\t\t\t\t\t\t\t\t\t\t\t\t\t\t<\/div>\n\t\t\t\t<\/div>\n\t\t\t\t\t<\/div>\n\t\t<\/div>\n\t\t\t\t<div class=\"elementor-column elementor-col-50 elementor-top-column elementor-element elementor-element-f909f2f\" data-id=\"f909f2f\" data-element_type=\"column\" data-e-type=\"column\" data-settings=\"{&quot;background_background&quot;:&quot;classic&quot;}\">\n\t\t\t<div class=\"elementor-widget-wrap elementor-element-populated\">\n\t\t\t\t\t\t<div class=\"elementor-element elementor-element-2a671c2 elementor-invisible elementor-widget elementor-widget-image\" data-id=\"2a671c2\" data-element_type=\"widget\" data-e-type=\"widget\" data-settings=\"{&quot;_animation&quot;:&quot;fadeIn&quot;,&quot;_animation_delay&quot;:700}\" data-widget_type=\"image.default\">\n\t\t\t\t<div class=\"elementor-widget-container\">\n\t\t\t\t\t\t\t\t\t\t\t\t\t\t\t\t<a href=\"https:\/\/www.lavedetterestaurant.com\/wp-content\/uploads\/2025\/07\/LA-VEDETTE-CartaRestaurant_EN-FR-2025.pdf\" target=\"_blank\">\n\t\t\t\t\t\t\t<img fetchpriority=\"high\" decoding=\"async\" width=\"380\" height=\"800\" src=\"https:\/\/www.lavedetterestaurant.com\/wp-content\/uploads\/2022\/01\/carta-restaurant.jpg\" class=\"attachment-full size-full wp-image-221\" alt=\"carta menu la vedette\" srcset=\"https:\/\/www.lavedetterestaurant.com\/wp-content\/uploads\/2022\/01\/carta-restaurant.jpg 380w, https:\/\/www.lavedetterestaurant.com\/wp-content\/uploads\/2022\/01\/carta-restaurant-143x300.jpg 143w\" sizes=\"(max-width: 380px) 100vw, 380px\" \/>\t\t\t\t\t\t\t\t<\/a>\n\t\t\t\t\t\t\t\t\t\t\t\t\t\t\t<\/div>\n\t\t\t\t<\/div>\n\t\t\t\t\t<\/div>\n\t\t<\/div>\n\t\t\t\t\t<\/div>\n\t\t<\/section>\n\t\t\t\t<section class=\"elementor-section elementor-top-section elementor-element elementor-element-17717c8 elementor-section-boxed elementor-section-height-default elementor-section-height-default elementor-invisible\" data-id=\"17717c8\" data-element_type=\"section\" data-e-type=\"section\" data-settings=\"{&quot;animation&quot;:&quot;fadeInUp&quot;}\">\n\t\t\t\t\t\t<div class=\"elementor-container elementor-column-gap-default\">\n\t\t\t\t\t<div class=\"elementor-column elementor-col-33 elementor-top-column elementor-element elementor-element-d0e5296\" data-id=\"d0e5296\" data-element_type=\"column\" data-e-type=\"column\" data-settings=\"{&quot;background_background&quot;:&quot;classic&quot;}\">\n\t\t\t<div class=\"elementor-widget-wrap elementor-element-populated\">\n\t\t\t\t\t\t<div class=\"elementor-element elementor-element-750f320 elementor-invisible elementor-widget elementor-widget-heading\" data-id=\"750f320\" data-element_type=\"widget\" data-e-type=\"widget\" data-settings=\"{&quot;_animation&quot;:&quot;zoomIn&quot;}\" data-widget_type=\"heading.default\">\n\t\t\t\t<div class=\"elementor-widget-container\">\n\t\t\t\t\t<h2 class=\"elementor-heading-title elementor-size-default\">OPEN<\/h2>\t\t\t\t<\/div>\n\t\t\t\t<\/div>\n\t\t\t\t\t<\/div>\n\t\t<\/div>\n\t\t\t\t<div class=\"elementor-column elementor-col-33 elementor-top-column elementor-element elementor-element-d679c4a\" data-id=\"d679c4a\" data-element_type=\"column\" data-e-type=\"column\" data-settings=\"{&quot;background_background&quot;:&quot;classic&quot;}\">\n\t\t\t<div class=\"elementor-widget-wrap elementor-element-populated\">\n\t\t\t\t\t\t<div class=\"elementor-element elementor-element-f4b4902 elementor-widget__width-initial elementor-invisible elementor-widget elementor-widget-text-editor\" data-id=\"f4b4902\" data-element_type=\"widget\" data-e-type=\"widget\" data-settings=\"{&quot;_animation&quot;:&quot;fadeIn&quot;,&quot;_animation_delay&quot;:900}\" data-widget_type=\"text-editor.default\">\n\t\t\t\t<div class=\"elementor-widget-container\">\n\t\t\t\t\t\t\t\t\t<p><strong>MONDAY to THURSDAY<\/strong><\/p><p>from <strong>19.30 &#8211; 23.30 h<\/strong><\/p>\t\t\t\t\t\t\t\t<\/div>\n\t\t\t\t<\/div>\n\t\t\t\t\t<\/div>\n\t\t<\/div>\n\t\t\t\t<div class=\"elementor-column elementor-col-33 elementor-top-column elementor-element elementor-element-4ab727c\" data-id=\"4ab727c\" data-element_type=\"column\" data-e-type=\"column\" data-settings=\"{&quot;background_background&quot;:&quot;classic&quot;}\">\n\t\t\t<div class=\"elementor-widget-wrap elementor-element-populated\">\n\t\t\t\t\t\t<div class=\"elementor-element elementor-element-c005d1b elementor-widget__width-initial elementor-invisible elementor-widget elementor-widget-text-editor\" data-id=\"c005d1b\" data-element_type=\"widget\" data-e-type=\"widget\" data-settings=\"{&quot;_animation&quot;:&quot;fadeIn&quot;,&quot;_animation_delay&quot;:900}\" data-widget_type=\"text-editor.default\">\n\t\t\t\t<div class=\"elementor-widget-container\">\n\t\t\t\t\t\t\t\t\t<p><strong>FRIDAY to SUNDAY<\/strong><\/p><p>from <strong>13-16<\/strong><strong>\u00a0h<\/strong> and from\u00a0<strong>19.30-23.30 h<\/strong><\/p>\t\t\t\t\t\t\t\t<\/div>\n\t\t\t\t<\/div>\n\t\t\t\t\t<\/div>\n\t\t<\/div>\n\t\t\t\t\t<\/div>\n\t\t<\/section>\n\t\t\t\t<\/div>","protected":false},"excerpt":{"rendered":"<p>CARTA ELS NOSTRES PLATS CARTA La nostra carta inclou una\u00a0cuina internacional, descoberta viatjant arreu del m\u00f3n i adaptant les receptes a l\u2019estil de\u00a0La Vedette. Comptem amb ingredients \u00fanics, la gran majoria importats directament del seu\u00a0pa\u00eds d\u2019origen, i\u00a0elaborant nosaltres mateixos\u00a0gaireb\u00e9 la totalitat dels nostres plats. Tots ells combinats amb molta cura en aquesta, la nostra carta. [&hellip;]<\/p>\n","protected":false},"author":1,"featured_media":0,"parent":0,"menu_order":0,"comment_status":"closed","ping_status":"closed","template":"","meta":{"footnotes":""},"class_list":["post-35","page","type-page","status-publish","hentry"],"yoast_head":"<!-- This site is optimized with the Yoast SEO Premium plugin v21.5 (Yoast SEO v27.2) - https:\/\/yoast.com\/product\/yoast-seo-premium-wordpress\/ -->\n<title>La nostra carta - La Vedette Restaurant Cr\u00eaperie Bretonne<\/title>\n<meta name=\"description\" content=\"La nostra carta inclou una cuina internacional, amb ingredients \u00fanics, importats del seu pa\u00eds d\u2019origen, i elaborant nosaltres els plats.\" \/>\n<meta name=\"robots\" content=\"index, follow, max-snippet:-1, max-image-preview:large, max-video-preview:-1\" \/>\n<link rel=\"canonical\" href=\"https:\/\/www.lavedetterestaurant.com\/en\/carta\/\" \/>\n<meta property=\"og:locale\" content=\"en_GB\" \/>\n<meta property=\"og:type\" content=\"article\" \/>\n<meta property=\"og:title\" content=\"carta\" \/>\n<meta property=\"og:description\" content=\"La nostra carta inclou una cuina internacional, amb ingredients \u00fanics, importats del seu pa\u00eds d\u2019origen, i elaborant nosaltres els plats.\" \/>\n<meta property=\"og:url\" content=\"https:\/\/www.lavedetterestaurant.com\/en\/carta\/\" \/>\n<meta property=\"og:site_name\" content=\"La Vedette\" \/>\n<meta property=\"article:publisher\" content=\"https:\/\/www.instagram.com\/lavedette00\/\" \/>\n<meta property=\"article:modified_time\" content=\"2025-07-23T21:31:40+00:00\" \/>\n<meta name=\"twitter:card\" content=\"summary_large_image\" \/>\n<meta name=\"twitter:label1\" content=\"Estimated reading time\" \/>\n\t<meta name=\"twitter:data1\" content=\"1 minute\" \/>\n<script type=\"application\/ld+json\" class=\"yoast-schema-graph\">{\"@context\":\"https:\/\/schema.org\",\"@graph\":[{\"@type\":\"WebPage\",\"@id\":\"https:\/\/www.lavedetterestaurant.com\/carta\/\",\"url\":\"https:\/\/www.lavedetterestaurant.com\/carta\/\",\"name\":\"La nostra carta - La Vedette Restaurant Cr\u00eaperie Bretonne\",\"isPartOf\":{\"@id\":\"https:\/\/www.lavedetterestaurant.com\/#website\"},\"primaryImageOfPage\":{\"@id\":\"https:\/\/www.lavedetterestaurant.com\/carta\/#primaryimage\"},\"image\":{\"@id\":\"https:\/\/www.lavedetterestaurant.com\/carta\/#primaryimage\"},\"thumbnailUrl\":\"https:\/\/www.lavedetterestaurant.com\/wp-content\/uploads\/2022\/01\/grafics-04.svg\",\"datePublished\":\"2022-01-10T12:00:33+00:00\",\"dateModified\":\"2025-07-23T21:31:40+00:00\",\"description\":\"La nostra carta inclou una cuina internacional, amb ingredients \u00fanics, importats del seu pa\u00eds d\u2019origen, i elaborant nosaltres els plats.\",\"breadcrumb\":{\"@id\":\"https:\/\/www.lavedetterestaurant.com\/carta\/#breadcrumb\"},\"inLanguage\":\"en-GB\",\"potentialAction\":[{\"@type\":\"ReadAction\",\"target\":[\"https:\/\/www.lavedetterestaurant.com\/carta\/\"]}]},{\"@type\":\"ImageObject\",\"inLanguage\":\"en-GB\",\"@id\":\"https:\/\/www.lavedetterestaurant.com\/carta\/#primaryimage\",\"url\":\"https:\/\/www.lavedetterestaurant.com\/wp-content\/uploads\/2022\/01\/grafics-04.svg\",\"contentUrl\":\"https:\/\/www.lavedetterestaurant.com\/wp-content\/uploads\/2022\/01\/grafics-04.svg\"},{\"@type\":\"BreadcrumbList\",\"@id\":\"https:\/\/www.lavedetterestaurant.com\/carta\/#breadcrumb\",\"itemListElement\":[{\"@type\":\"ListItem\",\"position\":1,\"name\":\"Home\",\"item\":\"https:\/\/www.lavedetterestaurant.com\/\"},{\"@type\":\"ListItem\",\"position\":2,\"name\":\"carta\"}]},{\"@type\":\"WebSite\",\"@id\":\"https:\/\/www.lavedetterestaurant.com\/#website\",\"url\":\"https:\/\/www.lavedetterestaurant.com\/\",\"name\":\"La Vedette\",\"description\":\"Restaurant Cr\u00eaperie Bretonne La Vedette\",\"publisher\":{\"@id\":\"https:\/\/www.lavedetterestaurant.com\/#organization\"},\"potentialAction\":[{\"@type\":\"SearchAction\",\"target\":{\"@type\":\"EntryPoint\",\"urlTemplate\":\"https:\/\/www.lavedetterestaurant.com\/?s={search_term_string}\"},\"query-input\":{\"@type\":\"PropertyValueSpecification\",\"valueRequired\":true,\"valueName\":\"search_term_string\"}}],\"inLanguage\":\"en-GB\"},{\"@type\":\"Organization\",\"@id\":\"https:\/\/www.lavedetterestaurant.com\/#organization\",\"name\":\"Restaurant Cr\u00eaperie Bretonne La Vedette\",\"url\":\"https:\/\/www.lavedetterestaurant.com\/\",\"logo\":{\"@type\":\"ImageObject\",\"inLanguage\":\"en-GB\",\"@id\":\"https:\/\/www.lavedetterestaurant.com\/#\/schema\/logo\/image\/\",\"url\":\"https:\/\/www.lavedetterestaurant.com\/wp-content\/uploads\/2022\/01\/LOGO.png\",\"contentUrl\":\"https:\/\/www.lavedetterestaurant.com\/wp-content\/uploads\/2022\/01\/LOGO.png\",\"width\":250,\"height\":158,\"caption\":\"Restaurant Cr\u00eaperie Bretonne La Vedette\"},\"image\":{\"@id\":\"https:\/\/www.lavedetterestaurant.com\/#\/schema\/logo\/image\/\"},\"sameAs\":[\"https:\/\/www.instagram.com\/lavedette00\/\"]}]}<\/script>\n<!-- \/ Yoast SEO Premium plugin. -->","yoast_head_json":{"title":"La nostra carta - La Vedette Restaurant Cr\u00eaperie Bretonne","description":"La nostra carta inclou una cuina internacional, amb ingredients \u00fanics, importats del seu pa\u00eds d\u2019origen, i elaborant nosaltres els plats.","robots":{"index":"index","follow":"follow","max-snippet":"max-snippet:-1","max-image-preview":"max-image-preview:large","max-video-preview":"max-video-preview:-1"},"canonical":"https:\/\/www.lavedetterestaurant.com\/en\/carta\/","og_locale":"en_GB","og_type":"article","og_title":"carta","og_description":"La nostra carta inclou una cuina internacional, amb ingredients \u00fanics, importats del seu pa\u00eds d\u2019origen, i elaborant nosaltres els plats.","og_url":"https:\/\/www.lavedetterestaurant.com\/en\/carta\/","og_site_name":"La Vedette","article_publisher":"https:\/\/www.instagram.com\/lavedette00\/","article_modified_time":"2025-07-23T21:31:40+00:00","twitter_card":"summary_large_image","twitter_misc":{"Estimated reading time":"1 minute"},"schema":{"@context":"https:\/\/schema.org","@graph":[{"@type":"WebPage","@id":"https:\/\/www.lavedetterestaurant.com\/carta\/","url":"https:\/\/www.lavedetterestaurant.com\/carta\/","name":"La nostra carta - La Vedette Restaurant Cr\u00eaperie Bretonne","isPartOf":{"@id":"https:\/\/www.lavedetterestaurant.com\/#website"},"primaryImageOfPage":{"@id":"https:\/\/www.lavedetterestaurant.com\/carta\/#primaryimage"},"image":{"@id":"https:\/\/www.lavedetterestaurant.com\/carta\/#primaryimage"},"thumbnailUrl":"https:\/\/www.lavedetterestaurant.com\/wp-content\/uploads\/2022\/01\/grafics-04.svg","datePublished":"2022-01-10T12:00:33+00:00","dateModified":"2025-07-23T21:31:40+00:00","description":"La nostra carta inclou una cuina internacional, amb ingredients \u00fanics, importats del seu pa\u00eds d\u2019origen, i elaborant nosaltres els plats.","breadcrumb":{"@id":"https:\/\/www.lavedetterestaurant.com\/carta\/#breadcrumb"},"inLanguage":"en-GB","potentialAction":[{"@type":"ReadAction","target":["https:\/\/www.lavedetterestaurant.com\/carta\/"]}]},{"@type":"ImageObject","inLanguage":"en-GB","@id":"https:\/\/www.lavedetterestaurant.com\/carta\/#primaryimage","url":"https:\/\/www.lavedetterestaurant.com\/wp-content\/uploads\/2022\/01\/grafics-04.svg","contentUrl":"https:\/\/www.lavedetterestaurant.com\/wp-content\/uploads\/2022\/01\/grafics-04.svg"},{"@type":"BreadcrumbList","@id":"https:\/\/www.lavedetterestaurant.com\/carta\/#breadcrumb","itemListElement":[{"@type":"ListItem","position":1,"name":"Home","item":"https:\/\/www.lavedetterestaurant.com\/"},{"@type":"ListItem","position":2,"name":"carta"}]},{"@type":"WebSite","@id":"https:\/\/www.lavedetterestaurant.com\/#website","url":"https:\/\/www.lavedetterestaurant.com\/","name":"La Vedette","description":"Restaurant Cr\u00eaperie Bretonne La Vedette","publisher":{"@id":"https:\/\/www.lavedetterestaurant.com\/#organization"},"potentialAction":[{"@type":"SearchAction","target":{"@type":"EntryPoint","urlTemplate":"https:\/\/www.lavedetterestaurant.com\/?s={search_term_string}"},"query-input":{"@type":"PropertyValueSpecification","valueRequired":true,"valueName":"search_term_string"}}],"inLanguage":"en-GB"},{"@type":"Organization","@id":"https:\/\/www.lavedetterestaurant.com\/#organization","name":"Restaurant Cr\u00eaperie Bretonne La Vedette","url":"https:\/\/www.lavedetterestaurant.com\/","logo":{"@type":"ImageObject","inLanguage":"en-GB","@id":"https:\/\/www.lavedetterestaurant.com\/#\/schema\/logo\/image\/","url":"https:\/\/www.lavedetterestaurant.com\/wp-content\/uploads\/2022\/01\/LOGO.png","contentUrl":"https:\/\/www.lavedetterestaurant.com\/wp-content\/uploads\/2022\/01\/LOGO.png","width":250,"height":158,"caption":"Restaurant Cr\u00eaperie Bretonne La Vedette"},"image":{"@id":"https:\/\/www.lavedetterestaurant.com\/#\/schema\/logo\/image\/"},"sameAs":["https:\/\/www.instagram.com\/lavedette00\/"]}]}},"_links":{"self":[{"href":"https:\/\/www.lavedetterestaurant.com\/en\/wp-json\/wp\/v2\/pages\/35","targetHints":{"allow":["GET"]}}],"collection":[{"href":"https:\/\/www.lavedetterestaurant.com\/en\/wp-json\/wp\/v2\/pages"}],"about":[{"href":"https:\/\/www.lavedetterestaurant.com\/en\/wp-json\/wp\/v2\/types\/page"}],"author":[{"embeddable":true,"href":"https:\/\/www.lavedetterestaurant.com\/en\/wp-json\/wp\/v2\/users\/1"}],"replies":[{"embeddable":true,"href":"https:\/\/www.lavedetterestaurant.com\/en\/wp-json\/wp\/v2\/comments?post=35"}],"version-history":[{"count":80,"href":"https:\/\/www.lavedetterestaurant.com\/en\/wp-json\/wp\/v2\/pages\/35\/revisions"}],"predecessor-version":[{"id":13960,"href":"https:\/\/www.lavedetterestaurant.com\/en\/wp-json\/wp\/v2\/pages\/35\/revisions\/13960"}],"wp:attachment":[{"href":"https:\/\/www.lavedetterestaurant.com\/en\/wp-json\/wp\/v2\/media?parent=35"}],"curies":[{"name":"wp","href":"https:\/\/api.w.org\/{rel}","templated":true}]}}