{"id":13966,"date":"2026-05-12T12:16:39","date_gmt":"2026-05-12T10:16:39","guid":{"rendered":"https:\/\/www.lavedetterestaurant.com\/?page_id=13966"},"modified":"2026-05-12T14:28:14","modified_gmt":"2026-05-12T12:28:14","slug":"la-vedette-restaurant-girona-i-sabadell","status":"publish","type":"page","link":"https:\/\/www.lavedetterestaurant.com\/en\/","title":{"rendered":"La Vedette Restaurant Girona and Sabadell"},"content":{"rendered":"<div data-elementor-type=\"wp-page\" data-elementor-id=\"13966\" class=\"elementor elementor-13966\" data-elementor-post-type=\"page\">\n\t\t\t\t<div class=\"elementor-element elementor-element-c5bbcff e-con-full e-flex elementor-invisible e-con e-parent\" data-id=\"c5bbcff\" data-element_type=\"container\" data-e-type=\"container\" data-settings=\"{&quot;animation&quot;:&quot;fadeIn&quot;}\">\n\t\t<div class=\"elementor-element elementor-element-3764e9f e-con-full e-flex e-con e-child\" data-id=\"3764e9f\" data-element_type=\"container\" data-e-type=\"container\" data-settings=\"{&quot;background_background&quot;:&quot;classic&quot;}\">\n\t\t\t\t<div class=\"elementor-element elementor-element-cc15012 elementor-invisible elementor-widget elementor-widget-image\" data-id=\"cc15012\" data-element_type=\"widget\" data-e-type=\"widget\" data-settings=\"{&quot;_animation&quot;:&quot;fadeInDown&quot;,&quot;_animation_delay&quot;:100}\" data-widget_type=\"image.default\">\n\t\t\t\t<div class=\"elementor-widget-container\">\n\t\t\t\t\t\t\t\t\t\t\t\t\t\t\t<img decoding=\"async\" width=\"1\" height=\"1\" src=\"https:\/\/www.lavedetterestaurant.com\/wp-content\/uploads\/2022\/01\/grafics-04.svg\" class=\"attachment-large size-large wp-image-19\" alt=\"barri vell girona\" \/>\t\t\t\t\t\t\t\t\t\t\t\t\t\t\t<\/div>\n\t\t\t\t<\/div>\n\t\t\t\t<div class=\"elementor-element elementor-element-d9262e4 elementor-invisible elementor-widget elementor-widget-heading\" data-id=\"d9262e4\" data-element_type=\"widget\" data-e-type=\"widget\" data-settings=\"{&quot;_animation&quot;:&quot;zoomIn&quot;,&quot;_animation_delay&quot;:300}\" data-widget_type=\"heading.default\">\n\t\t\t\t<div class=\"elementor-widget-container\">\n\t\t\t\t\t<h2 class=\"elementor-heading-title elementor-size-default\">RESTAURANT<br>Brittany Cr\u00eaperie<\/h2>\t\t\t\t<\/div>\n\t\t\t\t<\/div>\n\t\t\t\t<div class=\"elementor-element elementor-element-c9cb2b2 elementor-invisible elementor-widget elementor-widget-image\" data-id=\"c9cb2b2\" data-element_type=\"widget\" data-e-type=\"widget\" data-settings=\"{&quot;_animation&quot;:&quot;fadeInDown&quot;,&quot;_animation_delay&quot;:550}\" data-widget_type=\"image.default\">\n\t\t\t\t<div class=\"elementor-widget-container\">\n\t\t\t\t\t\t\t\t\t\t\t\t\t\t\t<img decoding=\"async\" width=\"1\" height=\"1\" src=\"https:\/\/www.lavedetterestaurant.com\/wp-content\/uploads\/2022\/01\/LA-VEDETTE-Web-00-03.svg\" class=\"attachment-large size-large wp-image-21\" alt=\"barri vell girona\" \/>\t\t\t\t\t\t\t\t\t\t\t\t\t\t\t<\/div>\n\t\t\t\t<\/div>\n\t\t\t\t<div class=\"elementor-element elementor-element-b0ebe55 elementor-invisible elementor-widget elementor-widget-image\" data-id=\"b0ebe55\" data-element_type=\"widget\" data-e-type=\"widget\" data-settings=\"{&quot;_animation&quot;:&quot;bounceIn&quot;,&quot;_animation_delay&quot;:900}\" data-widget_type=\"image.default\">\n\t\t\t\t<div class=\"elementor-widget-container\">\n\t\t\t\t\t\t\t\t\t\t\t\t\t\t\t<img decoding=\"async\" width=\"1\" height=\"1\" src=\"https:\/\/www.lavedetterestaurant.com\/wp-content\/uploads\/2022\/01\/barri-vell-07.svg\" class=\"attachment-large size-large wp-image-22\" alt=\"barri vell girona\" \/>\t\t\t\t\t\t\t\t\t\t\t\t\t\t\t<\/div>\n\t\t\t\t<\/div>\n\t\t\t\t<div class=\"elementor-element elementor-element-727f518 elementor-invisible elementor-widget elementor-widget-button\" data-id=\"727f518\" data-element_type=\"widget\" data-e-type=\"widget\" data-settings=\"{&quot;_animation&quot;:&quot;zoomIn&quot;,&quot;_animation_delay&quot;:1100}\" data-widget_type=\"button.default\">\n\t\t\t\t<div class=\"elementor-widget-container\">\n\t\t\t\t\t\t\t\t\t<div class=\"elementor-button-wrapper\">\n\t\t\t\t\t<a class=\"elementor-button elementor-button-link elementor-size-sm elementor-animation-shrink\" href=\"https:\/\/www.lavedetterestaurant.com\/en\/la-vedette-girona\/\">\n\t\t\t\t\t\t<span class=\"elementor-button-content-wrapper\">\n\t\t\t\t\t\t\t\t\t<span class=\"elementor-button-text\">See Girona<\/span>\n\t\t\t\t\t<\/span>\n\t\t\t\t\t<\/a>\n\t\t\t\t<\/div>\n\t\t\t\t\t\t\t\t<\/div>\n\t\t\t\t<\/div>\n\t\t\t\t<\/div>\n\t\t<div class=\"elementor-element elementor-element-892add7 e-con-full e-flex e-con e-child\" data-id=\"892add7\" data-element_type=\"container\" data-e-type=\"container\" data-settings=\"{&quot;background_background&quot;:&quot;classic&quot;}\">\n\t\t\t\t<div class=\"elementor-element elementor-element-1da6444 elementor-invisible elementor-widget elementor-widget-image\" data-id=\"1da6444\" data-element_type=\"widget\" data-e-type=\"widget\" data-settings=\"{&quot;_animation&quot;:&quot;fadeInDown&quot;,&quot;_animation_delay&quot;:100}\" data-widget_type=\"image.default\">\n\t\t\t\t<div class=\"elementor-widget-container\">\n\t\t\t\t\t\t\t\t\t\t\t\t\t\t\t<img decoding=\"async\" width=\"1\" height=\"1\" src=\"https:\/\/www.lavedetterestaurant.com\/wp-content\/uploads\/2022\/01\/grafics-04.svg\" class=\"attachment-large size-large wp-image-19\" alt=\"barri vell girona\" \/>\t\t\t\t\t\t\t\t\t\t\t\t\t\t\t<\/div>\n\t\t\t\t<\/div>\n\t\t\t\t<div class=\"elementor-element elementor-element-69d71ab elementor-invisible elementor-widget elementor-widget-heading\" data-id=\"69d71ab\" data-element_type=\"widget\" data-e-type=\"widget\" data-settings=\"{&quot;_animation&quot;:&quot;zoomIn&quot;,&quot;_animation_delay&quot;:300}\" data-widget_type=\"heading.default\">\n\t\t\t\t<div class=\"elementor-widget-container\">\n\t\t\t\t\t<h2 class=\"elementor-heading-title elementor-size-default\">RESTAURANT<br>Brittany Cr\u00eaperie<\/h2>\t\t\t\t<\/div>\n\t\t\t\t<\/div>\n\t\t\t\t<div class=\"elementor-element elementor-element-a7edb07 elementor-widget elementor-widget-image\" data-id=\"a7edb07\" data-element_type=\"widget\" data-e-type=\"widget\" data-widget_type=\"image.default\">\n\t\t\t\t<div class=\"elementor-widget-container\">\n\t\t\t\t\t\t\t\t\t\t\t\t\t\t\t<img loading=\"lazy\" decoding=\"async\" width=\"68\" height=\"71\" src=\"https:\/\/www.lavedetterestaurant.com\/wp-content\/uploads\/2026\/05\/Cartes-La-Vedette-Sabadell-CA_ES_Arts-FInals-plantilla-03.svg\" class=\"attachment-large size-large wp-image-13979\" alt=\"La Vedette Sabadell Restaurant\" \/>\t\t\t\t\t\t\t\t\t\t\t\t\t\t\t<\/div>\n\t\t\t\t<\/div>\n\t\t\t\t<div class=\"elementor-element elementor-element-e68663e elementor-widget elementor-widget-image\" data-id=\"e68663e\" data-element_type=\"widget\" data-e-type=\"widget\" data-widget_type=\"image.default\">\n\t\t\t\t<div class=\"elementor-widget-container\">\n\t\t\t\t\t\t\t\t\t\t\t\t\t\t\t<img loading=\"lazy\" decoding=\"async\" width=\"294\" height=\"98\" src=\"https:\/\/www.lavedetterestaurant.com\/wp-content\/uploads\/2026\/05\/Cartes-La-Vedette-Sabadell-CA_ES_Arts-FInals-plantilla-04.svg\" class=\"attachment-large size-large wp-image-13980\" alt=\"La Vedette Sabadell Restaurant creperie bretonne\" \/>\t\t\t\t\t\t\t\t\t\t\t\t\t\t\t<\/div>\n\t\t\t\t<\/div>\n\t\t\t\t<div class=\"elementor-element elementor-element-d7fbbbd elementor-invisible elementor-widget elementor-widget-button\" data-id=\"d7fbbbd\" data-element_type=\"widget\" data-e-type=\"widget\" data-settings=\"{&quot;_animation&quot;:&quot;zoomIn&quot;,&quot;_animation_delay&quot;:1100}\" data-widget_type=\"button.default\">\n\t\t\t\t<div class=\"elementor-widget-container\">\n\t\t\t\t\t\t\t\t\t<div class=\"elementor-button-wrapper\">\n\t\t\t\t\t<a class=\"elementor-button elementor-button-link elementor-size-sm elementor-animation-shrink\" href=\"https:\/\/www.lavedetterestaurant.com\/en\/la-vedette-sabadell\/\">\n\t\t\t\t\t\t<span class=\"elementor-button-content-wrapper\">\n\t\t\t\t\t\t\t\t\t<span class=\"elementor-button-text\">Watch Sabadell <\/span>\n\t\t\t\t\t<\/span>\n\t\t\t\t\t<\/a>\n\t\t\t\t<\/div>\n\t\t\t\t\t\t\t\t<\/div>\n\t\t\t\t<\/div>\n\t\t\t\t<\/div>\n\t\t\t\t<\/div>\n\t\t\t\t<\/div>","protected":false},"excerpt":{"rendered":"<p>RESTAURANT CR\u00caPERIE BRETONNE Veure Girona RESTAURANT CR\u00caPERIE BRETONNE Veure Sabadell<\/p>","protected":false},"author":1,"featured_media":0,"parent":0,"menu_order":0,"comment_status":"closed","ping_status":"closed","template":"elementor_canvas","meta":{"footnotes":""},"class_list":["post-13966","page","type-page","status-publish","hentry"],"yoast_head":"<!-- This site is optimized with the Yoast SEO Premium plugin v21.5 (Yoast SEO v27.6) - https:\/\/yoast.com\/product\/yoast-seo-premium-wordpress\/ -->\n<title>La Vedette Restaurant Girona i Sabadell - La Vedette Cr\u00eaperie Bretonne<\/title>\n<meta name=\"description\" content=\"La Vedette Restaurant Cr\u00eaperie Bretonne ara a Girona i a Sabadell. Plats \u00fanics, saludables i amb ingredients de qualitat.\" \/>\n<meta name=\"robots\" content=\"index, follow, max-snippet:-1, max-image-preview:large, max-video-preview:-1\" \/>\n<link rel=\"canonical\" href=\"https:\/\/www.lavedetterestaurant.com\/en\/\" \/>\n<meta property=\"og:locale\" content=\"en_GB\" \/>\n<meta property=\"og:type\" content=\"article\" \/>\n<meta property=\"og:title\" content=\"La Vedette Restaurant Girona i Sabadell\" \/>\n<meta property=\"og:description\" content=\"La Vedette Restaurant Cr\u00eaperie Bretonne ara a Girona i a Sabadell. Plats \u00fanics, saludables i amb ingredients de qualitat.\" \/>\n<meta property=\"og:url\" content=\"https:\/\/www.lavedetterestaurant.com\/en\/\" \/>\n<meta property=\"og:site_name\" content=\"La Vedette\" \/>\n<meta property=\"article:publisher\" content=\"https:\/\/www.instagram.com\/lavedette00\/\" \/>\n<meta property=\"article:modified_time\" content=\"2026-05-12T12:28:14+00:00\" \/>\n<meta property=\"og:image\" content=\"https:\/\/www.lavedetterestaurant.com\/wp-content\/uploads\/2022\/01\/grafics-04.svg\" \/>\n<meta name=\"twitter:card\" content=\"summary_large_image\" \/>\n<meta name=\"twitter:label1\" content=\"Estimated reading time\" \/>\n\t<meta name=\"twitter:data1\" content=\"2 minutes\" \/>\n<script type=\"application\/ld+json\" class=\"yoast-schema-graph\">{\"@context\":\"https:\\\/\\\/schema.org\",\"@graph\":[{\"@type\":\"WebPage\",\"@id\":\"https:\\\/\\\/www.lavedetterestaurant.com\\\/\",\"url\":\"https:\\\/\\\/www.lavedetterestaurant.com\\\/\",\"name\":\"La Vedette Restaurant Girona i Sabadell - La Vedette Cr\u00eaperie Bretonne\",\"isPartOf\":{\"@id\":\"https:\\\/\\\/www.lavedetterestaurant.com\\\/#website\"},\"primaryImageOfPage\":{\"@id\":\"https:\\\/\\\/www.lavedetterestaurant.com\\\/#primaryimage\"},\"image\":{\"@id\":\"https:\\\/\\\/www.lavedetterestaurant.com\\\/#primaryimage\"},\"thumbnailUrl\":\"https:\\\/\\\/www.lavedetterestaurant.com\\\/wp-content\\\/uploads\\\/2022\\\/01\\\/grafics-04.svg\",\"datePublished\":\"2026-05-12T10:16:39+00:00\",\"dateModified\":\"2026-05-12T12:28:14+00:00\",\"description\":\"La Vedette Restaurant Cr\u00eaperie Bretonne ara a Girona i a Sabadell. Plats \u00fanics, saludables i amb ingredients de qualitat.\",\"breadcrumb\":{\"@id\":\"https:\\\/\\\/www.lavedetterestaurant.com\\\/#breadcrumb\"},\"inLanguage\":\"en-GB\",\"potentialAction\":[{\"@type\":\"ReadAction\",\"target\":[\"https:\\\/\\\/www.lavedetterestaurant.com\\\/\"]}]},{\"@type\":\"ImageObject\",\"inLanguage\":\"en-GB\",\"@id\":\"https:\\\/\\\/www.lavedetterestaurant.com\\\/#primaryimage\",\"url\":\"https:\\\/\\\/www.lavedetterestaurant.com\\\/wp-content\\\/uploads\\\/2022\\\/01\\\/grafics-04.svg\",\"contentUrl\":\"https:\\\/\\\/www.lavedetterestaurant.com\\\/wp-content\\\/uploads\\\/2022\\\/01\\\/grafics-04.svg\"},{\"@type\":\"BreadcrumbList\",\"@id\":\"https:\\\/\\\/www.lavedetterestaurant.com\\\/#breadcrumb\",\"itemListElement\":[{\"@type\":\"ListItem\",\"position\":1,\"name\":\"Home\",\"item\":\"https:\\\/\\\/www.lavedetterestaurant.com\\\/\"},{\"@type\":\"ListItem\",\"position\":2,\"name\":\"La Vedette Restaurant Girona i Sabadell\"}]},{\"@type\":\"WebSite\",\"@id\":\"https:\\\/\\\/www.lavedetterestaurant.com\\\/#website\",\"url\":\"https:\\\/\\\/www.lavedetterestaurant.com\\\/\",\"name\":\"La Vedette\",\"description\":\"Restaurant Cr\u00eaperie Bretonne La Vedette\",\"publisher\":{\"@id\":\"https:\\\/\\\/www.lavedetterestaurant.com\\\/#organization\"},\"potentialAction\":[{\"@type\":\"SearchAction\",\"target\":{\"@type\":\"EntryPoint\",\"urlTemplate\":\"https:\\\/\\\/www.lavedetterestaurant.com\\\/?s={search_term_string}\"},\"query-input\":{\"@type\":\"PropertyValueSpecification\",\"valueRequired\":true,\"valueName\":\"search_term_string\"}}],\"inLanguage\":\"en-GB\"},{\"@type\":\"Organization\",\"@id\":\"https:\\\/\\\/www.lavedetterestaurant.com\\\/#organization\",\"name\":\"Restaurant Cr\u00eaperie Bretonne La Vedette\",\"url\":\"https:\\\/\\\/www.lavedetterestaurant.com\\\/\",\"logo\":{\"@type\":\"ImageObject\",\"inLanguage\":\"en-GB\",\"@id\":\"https:\\\/\\\/www.lavedetterestaurant.com\\\/#\\\/schema\\\/logo\\\/image\\\/\",\"url\":\"https:\\\/\\\/www.lavedetterestaurant.com\\\/wp-content\\\/uploads\\\/2022\\\/01\\\/LOGO.png\",\"contentUrl\":\"https:\\\/\\\/www.lavedetterestaurant.com\\\/wp-content\\\/uploads\\\/2022\\\/01\\\/LOGO.png\",\"width\":250,\"height\":158,\"caption\":\"Restaurant Cr\u00eaperie Bretonne La Vedette\"},\"image\":{\"@id\":\"https:\\\/\\\/www.lavedetterestaurant.com\\\/#\\\/schema\\\/logo\\\/image\\\/\"},\"sameAs\":[\"https:\\\/\\\/www.instagram.com\\\/lavedette00\\\/\"]}]}<\/script>\n<!-- \/ Yoast SEO Premium plugin. -->","yoast_head_json":{"title":"La Vedette Restaurant Girona i Sabadell - La Vedette Cr\u00eaperie Bretonne","description":"La Vedette Restaurant Cr\u00eaperie Bretonne ara a Girona i a Sabadell. Plats \u00fanics, saludables i amb ingredients de qualitat.","robots":{"index":"index","follow":"follow","max-snippet":"max-snippet:-1","max-image-preview":"max-image-preview:large","max-video-preview":"max-video-preview:-1"},"canonical":"https:\/\/www.lavedetterestaurant.com\/en\/","og_locale":"en_GB","og_type":"article","og_title":"La Vedette Restaurant Girona i Sabadell","og_description":"La Vedette Restaurant Cr\u00eaperie Bretonne ara a Girona i a Sabadell. Plats \u00fanics, saludables i amb ingredients de qualitat.","og_url":"https:\/\/www.lavedetterestaurant.com\/en\/","og_site_name":"La Vedette","article_publisher":"https:\/\/www.instagram.com\/lavedette00\/","article_modified_time":"2026-05-12T12:28:14+00:00","og_image":[{"url":"https:\/\/www.lavedetterestaurant.com\/wp-content\/uploads\/2022\/01\/grafics-04.svg","type":"","width":"","height":""}],"twitter_card":"summary_large_image","twitter_misc":{"Estimated reading time":"2 minutes"},"schema":{"@context":"https:\/\/schema.org","@graph":[{"@type":"WebPage","@id":"https:\/\/www.lavedetterestaurant.com\/","url":"https:\/\/www.lavedetterestaurant.com\/","name":"La Vedette Restaurant Girona i Sabadell - La Vedette Cr\u00eaperie Bretonne","isPartOf":{"@id":"https:\/\/www.lavedetterestaurant.com\/#website"},"primaryImageOfPage":{"@id":"https:\/\/www.lavedetterestaurant.com\/#primaryimage"},"image":{"@id":"https:\/\/www.lavedetterestaurant.com\/#primaryimage"},"thumbnailUrl":"https:\/\/www.lavedetterestaurant.com\/wp-content\/uploads\/2022\/01\/grafics-04.svg","datePublished":"2026-05-12T10:16:39+00:00","dateModified":"2026-05-12T12:28:14+00:00","description":"La Vedette Restaurant Cr\u00eaperie Bretonne ara a Girona i a Sabadell. Plats \u00fanics, saludables i amb ingredients de qualitat.","breadcrumb":{"@id":"https:\/\/www.lavedetterestaurant.com\/#breadcrumb"},"inLanguage":"en-GB","potentialAction":[{"@type":"ReadAction","target":["https:\/\/www.lavedetterestaurant.com\/"]}]},{"@type":"ImageObject","inLanguage":"en-GB","@id":"https:\/\/www.lavedetterestaurant.com\/#primaryimage","url":"https:\/\/www.lavedetterestaurant.com\/wp-content\/uploads\/2022\/01\/grafics-04.svg","contentUrl":"https:\/\/www.lavedetterestaurant.com\/wp-content\/uploads\/2022\/01\/grafics-04.svg"},{"@type":"BreadcrumbList","@id":"https:\/\/www.lavedetterestaurant.com\/#breadcrumb","itemListElement":[{"@type":"ListItem","position":1,"name":"Home","item":"https:\/\/www.lavedetterestaurant.com\/"},{"@type":"ListItem","position":2,"name":"La Vedette Restaurant Girona i Sabadell"}]},{"@type":"WebSite","@id":"https:\/\/www.lavedetterestaurant.com\/#website","url":"https:\/\/www.lavedetterestaurant.com\/","name":"The Star","description":"Restaurant Cr\u00eaperie Bretonne La Vedette","publisher":{"@id":"https:\/\/www.lavedetterestaurant.com\/#organization"},"potentialAction":[{"@type":"SearchAction","target":{"@type":"EntryPoint","urlTemplate":"https:\/\/www.lavedetterestaurant.com\/?s={search_term_string}"},"query-input":{"@type":"PropertyValueSpecification","valueRequired":true,"valueName":"search_term_string"}}],"inLanguage":"en-GB"},{"@type":"Organization","@id":"https:\/\/www.lavedetterestaurant.com\/#organization","name":"Restaurant Cr\u00eaperie Bretonne La Vedette","url":"https:\/\/www.lavedetterestaurant.com\/","logo":{"@type":"ImageObject","inLanguage":"en-GB","@id":"https:\/\/www.lavedetterestaurant.com\/#\/schema\/logo\/image\/","url":"https:\/\/www.lavedetterestaurant.com\/wp-content\/uploads\/2022\/01\/LOGO.png","contentUrl":"https:\/\/www.lavedetterestaurant.com\/wp-content\/uploads\/2022\/01\/LOGO.png","width":250,"height":158,"caption":"Restaurant Cr\u00eaperie Bretonne La Vedette"},"image":{"@id":"https:\/\/www.lavedetterestaurant.com\/#\/schema\/logo\/image\/"},"sameAs":["https:\/\/www.instagram.com\/lavedette00\/"]}]}},"_links":{"self":[{"href":"https:\/\/www.lavedetterestaurant.com\/en\/wp-json\/wp\/v2\/pages\/13966","targetHints":{"allow":["GET"]}}],"collection":[{"href":"https:\/\/www.lavedetterestaurant.com\/en\/wp-json\/wp\/v2\/pages"}],"about":[{"href":"https:\/\/www.lavedetterestaurant.com\/en\/wp-json\/wp\/v2\/types\/page"}],"author":[{"embeddable":true,"href":"https:\/\/www.lavedetterestaurant.com\/en\/wp-json\/wp\/v2\/users\/1"}],"replies":[{"embeddable":true,"href":"https:\/\/www.lavedetterestaurant.com\/en\/wp-json\/wp\/v2\/comments?post=13966"}],"version-history":[{"count":26,"href":"https:\/\/www.lavedetterestaurant.com\/en\/wp-json\/wp\/v2\/pages\/13966\/revisions"}],"predecessor-version":[{"id":14157,"href":"https:\/\/www.lavedetterestaurant.com\/en\/wp-json\/wp\/v2\/pages\/13966\/revisions\/14157"}],"wp:attachment":[{"href":"https:\/\/www.lavedetterestaurant.com\/en\/wp-json\/wp\/v2\/media?parent=13966"}],"curies":[{"name":"wp","href":"https:\/\/api.w.org\/{rel}","templated":true}]}}